{"id":242128,"date":"2024-09-25T13:01:04","date_gmt":"2024-09-25T20:01:04","guid":{"rendered":"https:\/\/hospitalmoldearte.com\/?post_type=product&#038;p=242128"},"modified":"2026-04-06T18:59:37","modified_gmt":"2026-04-07T01:59:37","slug":"hilos-espiculados","status":"publish","type":"product","link":"https:\/\/hospitalmoldearte.com\/en\/product\/hilos-espiculados\/","title":{"rendered":"HILOS ESPICULADOS"},"content":{"rendered":"<p><strong>\u00bfQui\u00e9n es candidato? \ud83d\udc69\u200d\u2695\ufe0f\ud83d\udc68\u200d\u2695\ufe0f<\/strong> Los hilos espiculados son perfectos para hombres y mujeres que desean levantar y reafirmar zonas del rostro y cuello que han perdido tonicidad, como las mejillas, la l\u00ednea de la mand\u00edbula y el cuello. Son una excelente opci\u00f3n para quienes buscan resultados duraderos y visibles sin procedimientos invasivos.<\/p>\n<p><strong>Beneficios de los Hilos Espiculados \ud83c\udf1f<\/strong><\/p>\n<ol>\n<li>\u2728 Proporcionan un efecto lifting inmediato y natural.<\/li>\n<li>\ud83d\udcaa Reafirman y tonifican \u00e1reas espec\u00edficas del rostro.<\/li>\n<li>\ud83c\udf38 Estimulan la producci\u00f3n de col\u00e1geno para mejorar la elasticidad.<\/li>\n<li>\ud83d\udc86\u200d\u2640\ufe0f Redefinen el contorno facial y mejoran la estructura.<\/li>\n<li>\ud83c\udf1e Reducen la flacidez en el rostro y cuello.<\/li>\n<li>\ud83c\udf3f Mejora la textura de la piel, dej\u00e1ndola m\u00e1s suave.<\/li>\n<li>\ud83d\udd04 Resultados duraderos con una apariencia natural.<\/li>\n<li>\ud83d\udca7 Hidratan la piel al fomentar la producci\u00f3n de col\u00e1geno.<\/li>\n<li>\ud83e\uddd6\u200d\u2640\ufe0f Ayudan a reducir arrugas y l\u00edneas finas.<\/li>\n<li>\ud83c\udf31 Recuperaci\u00f3n r\u00e1pida y sin cicatrices visibles.<\/li>\n<\/ol>\n<p>Con los hilos espiculados, disfruta de un rostro m\u00e1s firme y rejuvenecido, sin cirug\u00eda y con resultados que resaltan tu belleza natural. \u00a1Obt\u00e9n un lifting instant\u00e1neo y luce una piel m\u00e1s joven y radiante!<\/p>","protected":false},"excerpt":{"rendered":"<p>Los hilos espiculados son una t\u00e9cnica de rejuvenecimiento facial que proporciona un efecto lifting inmediato, sin necesidad de cirug\u00eda. Estos hilos est\u00e1n dise\u00f1ados con peque\u00f1as esp\u00edculas que, al colocarse bajo la piel, se adhieren al tejido, elev\u00e1ndolo y estimulando la producci\u00f3n natural de col\u00e1geno. Ideal para quienes buscan mejorar la firmeza y redefinir el contorno facial, este tratamiento ofrece un resultado visible y natural.<\/p>\n<h3>\u00bfQu\u00e9 incluye mi compra? \ud83e\udd14<\/h3>\n<p>Una aplicaci\u00f3n de 2 Hilos Espiculados en una zona.<br \/>\n<span class=\"fontstyle0\" style=\"color: #ff6600;\"><strong>*Cuenta con 30 d\u00edas para realizarse el tratamiento a partir de su compra.<\/strong><\/span><\/p>","protected":false},"featured_media":242924,"template":"","meta":[],"product_brand":[],"product_cat":[128,130,118,119],"product_tag":[],"class_list":{"0":"post-242128","1":"product","2":"type-product","3":"status-publish","4":"has-post-thumbnail","6":"product_cat-anti-flacidez","7":"product_cat-lifting-sin-cirugia","8":"product_cat-medicina-estetica","9":"product_cat-rejuvenecimiento","11":"first","12":"instock","13":"virtual","14":"purchasable","15":"product-type-simple"},"yoast_head":"<!-- This site is optimized with the Yoast SEO plugin v27.4 - https:\/\/yoast.com\/product\/yoast-seo-wordpress\/ -->\n<title>HILOS ESPICULADOS - MoldeClinik<\/title>\n<meta name=\"robots\" content=\"index, follow, max-snippet:-1, max-image-preview:large, max-video-preview:-1\" \/>\n<link rel=\"canonical\" href=\"https:\/\/hospitalmoldearte.com\/en\/product\/hilos-espiculados\/\" \/>\n<meta property=\"og:locale\" content=\"en_US\" \/>\n<meta property=\"og:type\" content=\"article\" \/>\n<meta property=\"og:title\" content=\"HILOS ESPICULADOS - MoldeClinik\" \/>\n<meta property=\"og:description\" content=\"Los hilos espiculados son una t\u00e9cnica de rejuvenecimiento facial que proporciona un efecto lifting inmediato, sin necesidad de cirug\u00eda. Estos hilos est\u00e1n dise\u00f1ados con peque\u00f1as esp\u00edculas que, al colocarse bajo la piel, se adhieren al tejido, elev\u00e1ndolo y estimulando la producci\u00f3n natural de col\u00e1geno. Ideal para quienes buscan mejorar la firmeza y redefinir el contorno facial, este tratamiento ofrece un resultado visible y natural. \u00bfQu\u00e9 incluye mi compra? \ud83e\udd14 Una aplicaci\u00f3n de 2 Hilos Espiculados en una zona. *Cuenta con 30 d\u00edas para realizarse el tratamiento a partir de su compra.\" \/>\n<meta property=\"og:url\" content=\"https:\/\/hospitalmoldearte.com\/en\/product\/hilos-espiculados\/\" \/>\n<meta property=\"og:site_name\" content=\"MoldeClinik\" \/>\n<meta property=\"article:modified_time\" content=\"2026-04-07T01:59:37+00:00\" \/>\n<meta property=\"og:image\" content=\"https:\/\/hospitalmoldearte.com\/wp-content\/uploads\/2025\/12\/HILOS-ESPICULADOS.jpg\" \/>\n\t<meta property=\"og:image:width\" content=\"1080\" \/>\n\t<meta property=\"og:image:height\" content=\"1080\" \/>\n\t<meta property=\"og:image:type\" content=\"image\/jpeg\" \/>\n<meta name=\"twitter:card\" content=\"summary_large_image\" \/>\n<meta name=\"twitter:label1\" content=\"Est. reading time\" \/>\n\t<meta name=\"twitter:data1\" content=\"1 minute\" \/>\n<script type=\"application\/ld+json\" class=\"yoast-schema-graph\">{\"@context\":\"https:\\\/\\\/schema.org\",\"@graph\":[{\"@type\":\"WebPage\",\"@id\":\"https:\\\/\\\/hospitalmoldearte.com\\\/producto\\\/hilos-espiculados\\\/\",\"url\":\"https:\\\/\\\/hospitalmoldearte.com\\\/producto\\\/hilos-espiculados\\\/\",\"name\":\"HILOS ESPICULADOS - MoldeClinik\",\"isPartOf\":{\"@id\":\"https:\\\/\\\/hospitalmoldearte.com\\\/#website\"},\"primaryImageOfPage\":{\"@id\":\"https:\\\/\\\/hospitalmoldearte.com\\\/producto\\\/hilos-espiculados\\\/#primaryimage\"},\"image\":{\"@id\":\"https:\\\/\\\/hospitalmoldearte.com\\\/producto\\\/hilos-espiculados\\\/#primaryimage\"},\"thumbnailUrl\":\"https:\\\/\\\/hospitalmoldearte.com\\\/wp-content\\\/uploads\\\/2025\\\/12\\\/HILOS-ESPICULADOS.jpg\",\"datePublished\":\"2024-09-25T20:01:04+00:00\",\"dateModified\":\"2026-04-07T01:59:37+00:00\",\"breadcrumb\":{\"@id\":\"https:\\\/\\\/hospitalmoldearte.com\\\/producto\\\/hilos-espiculados\\\/#breadcrumb\"},\"inLanguage\":\"en-US\",\"potentialAction\":[{\"@type\":\"ReadAction\",\"target\":[\"https:\\\/\\\/hospitalmoldearte.com\\\/producto\\\/hilos-espiculados\\\/\"]}]},{\"@type\":\"ImageObject\",\"inLanguage\":\"en-US\",\"@id\":\"https:\\\/\\\/hospitalmoldearte.com\\\/producto\\\/hilos-espiculados\\\/#primaryimage\",\"url\":\"https:\\\/\\\/hospitalmoldearte.com\\\/wp-content\\\/uploads\\\/2025\\\/12\\\/HILOS-ESPICULADOS.jpg\",\"contentUrl\":\"https:\\\/\\\/hospitalmoldearte.com\\\/wp-content\\\/uploads\\\/2025\\\/12\\\/HILOS-ESPICULADOS.jpg\",\"width\":1080,\"height\":1080},{\"@type\":\"BreadcrumbList\",\"@id\":\"https:\\\/\\\/hospitalmoldearte.com\\\/producto\\\/hilos-espiculados\\\/#breadcrumb\",\"itemListElement\":[{\"@type\":\"ListItem\",\"position\":1,\"name\":\"Home\",\"item\":\"https:\\\/\\\/hospitalmoldearte.com\\\/\"},{\"@type\":\"ListItem\",\"position\":2,\"name\":\"Nuestros servicios\",\"item\":\"https:\\\/\\\/hospitalmoldearte.com\\\/tienda\\\/\"},{\"@type\":\"ListItem\",\"position\":3,\"name\":\"HILOS ESPICULADOS\"}]},{\"@type\":\"WebSite\",\"@id\":\"https:\\\/\\\/hospitalmoldearte.com\\\/#website\",\"url\":\"https:\\\/\\\/hospitalmoldearte.com\\\/\",\"name\":\"MoldeClinik\",\"description\":\"Bariatric &amp; Plastic Surgery\",\"publisher\":{\"@id\":\"https:\\\/\\\/hospitalmoldearte.com\\\/#organization\"},\"potentialAction\":[{\"@type\":\"SearchAction\",\"target\":{\"@type\":\"EntryPoint\",\"urlTemplate\":\"https:\\\/\\\/hospitalmoldearte.com\\\/?s={search_term_string}\"},\"query-input\":{\"@type\":\"PropertyValueSpecification\",\"valueRequired\":true,\"valueName\":\"search_term_string\"}}],\"inLanguage\":\"en-US\"},{\"@type\":\"Organization\",\"@id\":\"https:\\\/\\\/hospitalmoldearte.com\\\/#organization\",\"name\":\"MoldeClinik\",\"url\":\"https:\\\/\\\/hospitalmoldearte.com\\\/\",\"logo\":{\"@type\":\"ImageObject\",\"inLanguage\":\"en-US\",\"@id\":\"https:\\\/\\\/hospitalmoldearte.com\\\/#\\\/schema\\\/logo\\\/image\\\/\",\"url\":\"https:\\\/\\\/hospitalmoldearte.com\\\/wp-content\\\/uploads\\\/2023\\\/03\\\/LOGO-BLANCO-e1678751607233.png\",\"contentUrl\":\"https:\\\/\\\/hospitalmoldearte.com\\\/wp-content\\\/uploads\\\/2023\\\/03\\\/LOGO-BLANCO-e1678751607233.png\",\"width\":250,\"height\":81,\"caption\":\"MoldeClinik\"},\"image\":{\"@id\":\"https:\\\/\\\/hospitalmoldearte.com\\\/#\\\/schema\\\/logo\\\/image\\\/\"}}]}<\/script>\n<!-- \/ Yoast SEO plugin. -->","yoast_head_json":{"title":"HILOS ESPICULADOS - MoldeClinik","robots":{"index":"index","follow":"follow","max-snippet":"max-snippet:-1","max-image-preview":"max-image-preview:large","max-video-preview":"max-video-preview:-1"},"canonical":"https:\/\/hospitalmoldearte.com\/en\/product\/hilos-espiculados\/","og_locale":"en_US","og_type":"article","og_title":"HILOS ESPICULADOS - MoldeClinik","og_description":"Los hilos espiculados son una t\u00e9cnica de rejuvenecimiento facial que proporciona un efecto lifting inmediato, sin necesidad de cirug\u00eda. Estos hilos est\u00e1n dise\u00f1ados con peque\u00f1as esp\u00edculas que, al colocarse bajo la piel, se adhieren al tejido, elev\u00e1ndolo y estimulando la producci\u00f3n natural de col\u00e1geno. Ideal para quienes buscan mejorar la firmeza y redefinir el contorno facial, este tratamiento ofrece un resultado visible y natural. \u00bfQu\u00e9 incluye mi compra? \ud83e\udd14 Una aplicaci\u00f3n de 2 Hilos Espiculados en una zona. *Cuenta con 30 d\u00edas para realizarse el tratamiento a partir de su compra.","og_url":"https:\/\/hospitalmoldearte.com\/en\/product\/hilos-espiculados\/","og_site_name":"MoldeClinik","article_modified_time":"2026-04-07T01:59:37+00:00","og_image":[{"width":1080,"height":1080,"url":"https:\/\/hospitalmoldearte.com\/wp-content\/uploads\/2025\/12\/HILOS-ESPICULADOS.jpg","type":"image\/jpeg"}],"twitter_card":"summary_large_image","twitter_misc":{"Est. reading time":"1 minute"},"schema":{"@context":"https:\/\/schema.org","@graph":[{"@type":"WebPage","@id":"https:\/\/hospitalmoldearte.com\/producto\/hilos-espiculados\/","url":"https:\/\/hospitalmoldearte.com\/producto\/hilos-espiculados\/","name":"HILOS ESPICULADOS - MoldeClinik","isPartOf":{"@id":"https:\/\/hospitalmoldearte.com\/#website"},"primaryImageOfPage":{"@id":"https:\/\/hospitalmoldearte.com\/producto\/hilos-espiculados\/#primaryimage"},"image":{"@id":"https:\/\/hospitalmoldearte.com\/producto\/hilos-espiculados\/#primaryimage"},"thumbnailUrl":"https:\/\/hospitalmoldearte.com\/wp-content\/uploads\/2025\/12\/HILOS-ESPICULADOS.jpg","datePublished":"2024-09-25T20:01:04+00:00","dateModified":"2026-04-07T01:59:37+00:00","breadcrumb":{"@id":"https:\/\/hospitalmoldearte.com\/producto\/hilos-espiculados\/#breadcrumb"},"inLanguage":"en-US","potentialAction":[{"@type":"ReadAction","target":["https:\/\/hospitalmoldearte.com\/producto\/hilos-espiculados\/"]}]},{"@type":"ImageObject","inLanguage":"en-US","@id":"https:\/\/hospitalmoldearte.com\/producto\/hilos-espiculados\/#primaryimage","url":"https:\/\/hospitalmoldearte.com\/wp-content\/uploads\/2025\/12\/HILOS-ESPICULADOS.jpg","contentUrl":"https:\/\/hospitalmoldearte.com\/wp-content\/uploads\/2025\/12\/HILOS-ESPICULADOS.jpg","width":1080,"height":1080},{"@type":"BreadcrumbList","@id":"https:\/\/hospitalmoldearte.com\/producto\/hilos-espiculados\/#breadcrumb","itemListElement":[{"@type":"ListItem","position":1,"name":"Home","item":"https:\/\/hospitalmoldearte.com\/"},{"@type":"ListItem","position":2,"name":"Nuestros servicios","item":"https:\/\/hospitalmoldearte.com\/tienda\/"},{"@type":"ListItem","position":3,"name":"HILOS ESPICULADOS"}]},{"@type":"WebSite","@id":"https:\/\/hospitalmoldearte.com\/#website","url":"https:\/\/hospitalmoldearte.com\/","name":"MoldeClinik","description":"Bariatric &amp; Plastic Surgery","publisher":{"@id":"https:\/\/hospitalmoldearte.com\/#organization"},"potentialAction":[{"@type":"SearchAction","target":{"@type":"EntryPoint","urlTemplate":"https:\/\/hospitalmoldearte.com\/?s={search_term_string}"},"query-input":{"@type":"PropertyValueSpecification","valueRequired":true,"valueName":"search_term_string"}}],"inLanguage":"en-US"},{"@type":"Organization","@id":"https:\/\/hospitalmoldearte.com\/#organization","name":"MoldeClinik","url":"https:\/\/hospitalmoldearte.com\/","logo":{"@type":"ImageObject","inLanguage":"en-US","@id":"https:\/\/hospitalmoldearte.com\/#\/schema\/logo\/image\/","url":"https:\/\/hospitalmoldearte.com\/wp-content\/uploads\/2023\/03\/LOGO-BLANCO-e1678751607233.png","contentUrl":"https:\/\/hospitalmoldearte.com\/wp-content\/uploads\/2023\/03\/LOGO-BLANCO-e1678751607233.png","width":250,"height":81,"caption":"MoldeClinik"},"image":{"@id":"https:\/\/hospitalmoldearte.com\/#\/schema\/logo\/image\/"}}]}},"_links":{"self":[{"href":"https:\/\/hospitalmoldearte.com\/en\/wp-json\/wp\/v2\/product\/242128","targetHints":{"allow":["GET"]}}],"collection":[{"href":"https:\/\/hospitalmoldearte.com\/en\/wp-json\/wp\/v2\/product"}],"about":[{"href":"https:\/\/hospitalmoldearte.com\/en\/wp-json\/wp\/v2\/types\/product"}],"wp:featuredmedia":[{"embeddable":true,"href":"https:\/\/hospitalmoldearte.com\/en\/wp-json\/wp\/v2\/media\/242924"}],"wp:attachment":[{"href":"https:\/\/hospitalmoldearte.com\/en\/wp-json\/wp\/v2\/media?parent=242128"}],"wp:term":[{"taxonomy":"product_brand","embeddable":true,"href":"https:\/\/hospitalmoldearte.com\/en\/wp-json\/wp\/v2\/product_brand?post=242128"},{"taxonomy":"product_cat","embeddable":true,"href":"https:\/\/hospitalmoldearte.com\/en\/wp-json\/wp\/v2\/product_cat?post=242128"},{"taxonomy":"product_tag","embeddable":true,"href":"https:\/\/hospitalmoldearte.com\/en\/wp-json\/wp\/v2\/product_tag?post=242128"}],"curies":[{"name":"wp","href":"https:\/\/api.w.org\/{rel}","templated":true}]}}