{"id":242130,"date":"2024-09-25T13:02:47","date_gmt":"2024-09-25T20:02:47","guid":{"rendered":"https:\/\/hospitalmoldearte.com\/?post_type=product&#038;p=242130"},"modified":"2026-04-17T15:39:11","modified_gmt":"2026-04-17T22:39:11","slug":"bioestimulador-con-calcio-radiesse","status":"publish","type":"product","link":"https:\/\/hospitalmoldearte.com\/en\/product\/bioestimulador-con-calcio-radiesse\/","title":{"rendered":"BIOESTIMULADOR CON CALCIO RADIESSE\u00ae"},"content":{"rendered":"<p><strong>\u00bfQui\u00e9n es candidato? \ud83d\udc69\u200d\u2695\ufe0f\ud83d\udc68\u200d\u2695\ufe0f<\/strong> Radiesse es ideal para hombres y mujeres que desean combatir la p\u00e9rdida de volumen y firmeza en \u00e1reas como el rostro, cuello, manos y escote. Tambi\u00e9n es una excelente opci\u00f3n para quienes buscan un efecto de lifting no quir\u00fargico o desean mejorar la apariencia de l\u00edneas de expresi\u00f3n y la flacidez. <strong>Beneficios de Radiesse \ud83c\udf1f<\/strong><\/p>\n<ol>\n<li>\u2728 Proporciona un efecto lifting inmediato y natural.<\/li>\n<li>\ud83c\udf3f Estimula la producci\u00f3n de col\u00e1geno a largo plazo.<\/li>\n<li>\ud83d\udcaa Recupera el volumen perdido en \u00e1reas clave.<\/li>\n<li>\ud83c\udf1e Mejora la firmeza y elasticidad de la piel.<\/li>\n<li>\ud83d\udca7 Hidrata profundamente para una textura m\u00e1s suave.<\/li>\n<li>\ud83e\uddd6\u200d\u2640\ufe0f Minimiza la apariencia de arrugas y pliegues.<\/li>\n<li>\ud83c\udf38 Aporta un tono de piel m\u00e1s uniforme.<\/li>\n<li>\ud83c\udf31 Rejuvenece \u00e1reas visibles como manos y cuello.<\/li>\n<li>\ud83d\udd04 Ofrece resultados duraderos sin cirug\u00eda.<\/li>\n<li>\ud83d\udcab Fortalece la estructura de la piel desde el interior.<\/li>\n<\/ol>\n<p>Con Radiesse, puedes disfrutar de una piel con mayor volumen, firmeza y luminosidad de manera natural. Descubre c\u00f3mo este bioestimulador puede revitalizar y transformar tu piel para que luzca y se sienta m\u00e1s joven. \u00a1Dale a tu piel el impulso que necesita para brillar!<\/p>","protected":false},"excerpt":{"rendered":"<p>Radiesse es un bioestimulador d\u00e9rmico que ayuda a restaurar la firmeza y el volumen de la piel mediante la estimulaci\u00f3n del col\u00e1geno natural. Compuesto de hidroxiapatita de calcio, este tratamiento act\u00faa en las capas m\u00e1s profundas de la piel, ofreciendo un efecto lifting inmediato mientras estimula la producci\u00f3n de col\u00e1geno para resultados a largo plazo. Es ideal para quienes buscan una apariencia rejuvenecida y con un tono m\u00e1s uniforme.<\/p>\n<h3>\u00bfQu\u00e9 incluye mi compra? \ud83e\udd14<\/h3>\n<p>Una aplicaci\u00f3n de Bioestimulador Radiesse\u00ae en una zona + <strong>\ud83c\udf81 GRATIS<\/strong> una sesi\u00f3n de Plasma Rico en Plaquetas en cuello, escote y manos.<br \/>\n<span class=\"fontstyle0\" style=\"color: #ff6600;\"><strong>*Cuenta con 30 d\u00edas para realizarse el tratamiento a partir de su compra<\/strong><\/span><\/p>","protected":false},"featured_media":242944,"template":"","meta":[],"product_brand":[],"product_cat":[128,118,119,135],"product_tag":[],"class_list":{"0":"post-242130","1":"product","2":"type-product","3":"status-publish","4":"has-post-thumbnail","6":"product_cat-anti-flacidez","7":"product_cat-medicina-estetica","8":"product_cat-rejuvenecimiento","9":"product_cat-sale","11":"first","12":"instock","13":"sale","14":"virtual","15":"purchasable","16":"product-type-simple"},"yoast_head":"<!-- This site is optimized with the Yoast SEO plugin v27.4 - https:\/\/yoast.com\/product\/yoast-seo-wordpress\/ -->\n<title>BIOESTIMULADOR CON CALCIO RADIESSE\u00ae - MoldeClinik<\/title>\n<meta name=\"robots\" content=\"index, follow, max-snippet:-1, max-image-preview:large, max-video-preview:-1\" \/>\n<link rel=\"canonical\" href=\"https:\/\/hospitalmoldearte.com\/en\/product\/bioestimulador-con-calcio-radiesse\/\" \/>\n<meta property=\"og:locale\" content=\"en_US\" \/>\n<meta property=\"og:type\" content=\"article\" \/>\n<meta property=\"og:title\" content=\"BIOESTIMULADOR CON CALCIO RADIESSE\u00ae - MoldeClinik\" \/>\n<meta property=\"og:description\" content=\"Radiesse es un bioestimulador d\u00e9rmico que ayuda a restaurar la firmeza y el volumen de la piel mediante la estimulaci\u00f3n del col\u00e1geno natural. Compuesto de hidroxiapatita de calcio, este tratamiento act\u00faa en las capas m\u00e1s profundas de la piel, ofreciendo un efecto lifting inmediato mientras estimula la producci\u00f3n de col\u00e1geno para resultados a largo plazo. Es ideal para quienes buscan una apariencia rejuvenecida y con un tono m\u00e1s uniforme. \u00bfQu\u00e9 incluye mi compra? \ud83e\udd14 Una aplicaci\u00f3n de Bioestimulador Radiesse\u00ae en una zona + \ud83c\udf81 GRATIS una sesi\u00f3n de Plasma Rico en Plaquetas en cuello, escote y manos. *Cuenta con 30 d\u00edas para realizarse el tratamiento a partir de su compra\" \/>\n<meta property=\"og:url\" content=\"https:\/\/hospitalmoldearte.com\/en\/product\/bioestimulador-con-calcio-radiesse\/\" \/>\n<meta property=\"og:site_name\" content=\"MoldeClinik\" \/>\n<meta property=\"article:modified_time\" content=\"2026-04-17T22:39:11+00:00\" \/>\n<meta property=\"og:image\" content=\"https:\/\/hospitalmoldearte.com\/wp-content\/uploads\/2025\/12\/RADIESSE.jpg\" \/>\n\t<meta property=\"og:image:width\" content=\"1080\" \/>\n\t<meta property=\"og:image:height\" content=\"1080\" \/>\n\t<meta property=\"og:image:type\" content=\"image\/jpeg\" \/>\n<meta name=\"twitter:card\" content=\"summary_large_image\" \/>\n<meta name=\"twitter:label1\" content=\"Est. reading time\" \/>\n\t<meta name=\"twitter:data1\" content=\"2 minutes\" \/>\n<script type=\"application\/ld+json\" class=\"yoast-schema-graph\">{\"@context\":\"https:\\\/\\\/schema.org\",\"@graph\":[{\"@type\":\"WebPage\",\"@id\":\"https:\\\/\\\/hospitalmoldearte.com\\\/producto\\\/bioestimulador-con-calcio-radiesse\\\/\",\"url\":\"https:\\\/\\\/hospitalmoldearte.com\\\/producto\\\/bioestimulador-con-calcio-radiesse\\\/\",\"name\":\"BIOESTIMULADOR CON CALCIO RADIESSE\u00ae - MoldeClinik\",\"isPartOf\":{\"@id\":\"https:\\\/\\\/hospitalmoldearte.com\\\/#website\"},\"primaryImageOfPage\":{\"@id\":\"https:\\\/\\\/hospitalmoldearte.com\\\/producto\\\/bioestimulador-con-calcio-radiesse\\\/#primaryimage\"},\"image\":{\"@id\":\"https:\\\/\\\/hospitalmoldearte.com\\\/producto\\\/bioestimulador-con-calcio-radiesse\\\/#primaryimage\"},\"thumbnailUrl\":\"https:\\\/\\\/hospitalmoldearte.com\\\/wp-content\\\/uploads\\\/2025\\\/12\\\/RADIESSE.jpg\",\"datePublished\":\"2024-09-25T20:02:47+00:00\",\"dateModified\":\"2026-04-17T22:39:11+00:00\",\"breadcrumb\":{\"@id\":\"https:\\\/\\\/hospitalmoldearte.com\\\/producto\\\/bioestimulador-con-calcio-radiesse\\\/#breadcrumb\"},\"inLanguage\":\"en-US\",\"potentialAction\":[{\"@type\":\"ReadAction\",\"target\":[\"https:\\\/\\\/hospitalmoldearte.com\\\/producto\\\/bioestimulador-con-calcio-radiesse\\\/\"]}]},{\"@type\":\"ImageObject\",\"inLanguage\":\"en-US\",\"@id\":\"https:\\\/\\\/hospitalmoldearte.com\\\/producto\\\/bioestimulador-con-calcio-radiesse\\\/#primaryimage\",\"url\":\"https:\\\/\\\/hospitalmoldearte.com\\\/wp-content\\\/uploads\\\/2025\\\/12\\\/RADIESSE.jpg\",\"contentUrl\":\"https:\\\/\\\/hospitalmoldearte.com\\\/wp-content\\\/uploads\\\/2025\\\/12\\\/RADIESSE.jpg\",\"width\":1080,\"height\":1080},{\"@type\":\"BreadcrumbList\",\"@id\":\"https:\\\/\\\/hospitalmoldearte.com\\\/producto\\\/bioestimulador-con-calcio-radiesse\\\/#breadcrumb\",\"itemListElement\":[{\"@type\":\"ListItem\",\"position\":1,\"name\":\"Home\",\"item\":\"https:\\\/\\\/hospitalmoldearte.com\\\/\"},{\"@type\":\"ListItem\",\"position\":2,\"name\":\"Nuestros servicios\",\"item\":\"https:\\\/\\\/hospitalmoldearte.com\\\/tienda\\\/\"},{\"@type\":\"ListItem\",\"position\":3,\"name\":\"BIOESTIMULADOR CON CALCIO RADIESSE\u00ae\"}]},{\"@type\":\"WebSite\",\"@id\":\"https:\\\/\\\/hospitalmoldearte.com\\\/#website\",\"url\":\"https:\\\/\\\/hospitalmoldearte.com\\\/\",\"name\":\"MoldeClinik\",\"description\":\"Bariatric &amp; Plastic Surgery\",\"publisher\":{\"@id\":\"https:\\\/\\\/hospitalmoldearte.com\\\/#organization\"},\"potentialAction\":[{\"@type\":\"SearchAction\",\"target\":{\"@type\":\"EntryPoint\",\"urlTemplate\":\"https:\\\/\\\/hospitalmoldearte.com\\\/?s={search_term_string}\"},\"query-input\":{\"@type\":\"PropertyValueSpecification\",\"valueRequired\":true,\"valueName\":\"search_term_string\"}}],\"inLanguage\":\"en-US\"},{\"@type\":\"Organization\",\"@id\":\"https:\\\/\\\/hospitalmoldearte.com\\\/#organization\",\"name\":\"MoldeClinik\",\"url\":\"https:\\\/\\\/hospitalmoldearte.com\\\/\",\"logo\":{\"@type\":\"ImageObject\",\"inLanguage\":\"en-US\",\"@id\":\"https:\\\/\\\/hospitalmoldearte.com\\\/#\\\/schema\\\/logo\\\/image\\\/\",\"url\":\"https:\\\/\\\/hospitalmoldearte.com\\\/wp-content\\\/uploads\\\/2023\\\/03\\\/LOGO-BLANCO-e1678751607233.png\",\"contentUrl\":\"https:\\\/\\\/hospitalmoldearte.com\\\/wp-content\\\/uploads\\\/2023\\\/03\\\/LOGO-BLANCO-e1678751607233.png\",\"width\":250,\"height\":81,\"caption\":\"MoldeClinik\"},\"image\":{\"@id\":\"https:\\\/\\\/hospitalmoldearte.com\\\/#\\\/schema\\\/logo\\\/image\\\/\"}}]}<\/script>\n<!-- \/ Yoast SEO plugin. -->","yoast_head_json":{"title":"BIOESTIMULADOR CON CALCIO RADIESSE\u00ae - MoldeClinik","robots":{"index":"index","follow":"follow","max-snippet":"max-snippet:-1","max-image-preview":"max-image-preview:large","max-video-preview":"max-video-preview:-1"},"canonical":"https:\/\/hospitalmoldearte.com\/en\/product\/bioestimulador-con-calcio-radiesse\/","og_locale":"en_US","og_type":"article","og_title":"BIOESTIMULADOR CON CALCIO RADIESSE\u00ae - MoldeClinik","og_description":"Radiesse es un bioestimulador d\u00e9rmico que ayuda a restaurar la firmeza y el volumen de la piel mediante la estimulaci\u00f3n del col\u00e1geno natural. Compuesto de hidroxiapatita de calcio, este tratamiento act\u00faa en las capas m\u00e1s profundas de la piel, ofreciendo un efecto lifting inmediato mientras estimula la producci\u00f3n de col\u00e1geno para resultados a largo plazo. Es ideal para quienes buscan una apariencia rejuvenecida y con un tono m\u00e1s uniforme. \u00bfQu\u00e9 incluye mi compra? \ud83e\udd14 Una aplicaci\u00f3n de Bioestimulador Radiesse\u00ae en una zona + \ud83c\udf81 GRATIS una sesi\u00f3n de Plasma Rico en Plaquetas en cuello, escote y manos. *Cuenta con 30 d\u00edas para realizarse el tratamiento a partir de su compra","og_url":"https:\/\/hospitalmoldearte.com\/en\/product\/bioestimulador-con-calcio-radiesse\/","og_site_name":"MoldeClinik","article_modified_time":"2026-04-17T22:39:11+00:00","og_image":[{"width":1080,"height":1080,"url":"https:\/\/hospitalmoldearte.com\/wp-content\/uploads\/2025\/12\/RADIESSE.jpg","type":"image\/jpeg"}],"twitter_card":"summary_large_image","twitter_misc":{"Est. reading time":"2 minutes"},"schema":{"@context":"https:\/\/schema.org","@graph":[{"@type":"WebPage","@id":"https:\/\/hospitalmoldearte.com\/producto\/bioestimulador-con-calcio-radiesse\/","url":"https:\/\/hospitalmoldearte.com\/producto\/bioestimulador-con-calcio-radiesse\/","name":"BIOESTIMULADOR CON CALCIO RADIESSE\u00ae - MoldeClinik","isPartOf":{"@id":"https:\/\/hospitalmoldearte.com\/#website"},"primaryImageOfPage":{"@id":"https:\/\/hospitalmoldearte.com\/producto\/bioestimulador-con-calcio-radiesse\/#primaryimage"},"image":{"@id":"https:\/\/hospitalmoldearte.com\/producto\/bioestimulador-con-calcio-radiesse\/#primaryimage"},"thumbnailUrl":"https:\/\/hospitalmoldearte.com\/wp-content\/uploads\/2025\/12\/RADIESSE.jpg","datePublished":"2024-09-25T20:02:47+00:00","dateModified":"2026-04-17T22:39:11+00:00","breadcrumb":{"@id":"https:\/\/hospitalmoldearte.com\/producto\/bioestimulador-con-calcio-radiesse\/#breadcrumb"},"inLanguage":"en-US","potentialAction":[{"@type":"ReadAction","target":["https:\/\/hospitalmoldearte.com\/producto\/bioestimulador-con-calcio-radiesse\/"]}]},{"@type":"ImageObject","inLanguage":"en-US","@id":"https:\/\/hospitalmoldearte.com\/producto\/bioestimulador-con-calcio-radiesse\/#primaryimage","url":"https:\/\/hospitalmoldearte.com\/wp-content\/uploads\/2025\/12\/RADIESSE.jpg","contentUrl":"https:\/\/hospitalmoldearte.com\/wp-content\/uploads\/2025\/12\/RADIESSE.jpg","width":1080,"height":1080},{"@type":"BreadcrumbList","@id":"https:\/\/hospitalmoldearte.com\/producto\/bioestimulador-con-calcio-radiesse\/#breadcrumb","itemListElement":[{"@type":"ListItem","position":1,"name":"Home","item":"https:\/\/hospitalmoldearte.com\/"},{"@type":"ListItem","position":2,"name":"Nuestros servicios","item":"https:\/\/hospitalmoldearte.com\/tienda\/"},{"@type":"ListItem","position":3,"name":"BIOESTIMULADOR CON CALCIO RADIESSE\u00ae"}]},{"@type":"WebSite","@id":"https:\/\/hospitalmoldearte.com\/#website","url":"https:\/\/hospitalmoldearte.com\/","name":"MoldeClinik","description":"Bariatric &amp; Plastic Surgery","publisher":{"@id":"https:\/\/hospitalmoldearte.com\/#organization"},"potentialAction":[{"@type":"SearchAction","target":{"@type":"EntryPoint","urlTemplate":"https:\/\/hospitalmoldearte.com\/?s={search_term_string}"},"query-input":{"@type":"PropertyValueSpecification","valueRequired":true,"valueName":"search_term_string"}}],"inLanguage":"en-US"},{"@type":"Organization","@id":"https:\/\/hospitalmoldearte.com\/#organization","name":"MoldeClinik","url":"https:\/\/hospitalmoldearte.com\/","logo":{"@type":"ImageObject","inLanguage":"en-US","@id":"https:\/\/hospitalmoldearte.com\/#\/schema\/logo\/image\/","url":"https:\/\/hospitalmoldearte.com\/wp-content\/uploads\/2023\/03\/LOGO-BLANCO-e1678751607233.png","contentUrl":"https:\/\/hospitalmoldearte.com\/wp-content\/uploads\/2023\/03\/LOGO-BLANCO-e1678751607233.png","width":250,"height":81,"caption":"MoldeClinik"},"image":{"@id":"https:\/\/hospitalmoldearte.com\/#\/schema\/logo\/image\/"}}]}},"_links":{"self":[{"href":"https:\/\/hospitalmoldearte.com\/en\/wp-json\/wp\/v2\/product\/242130","targetHints":{"allow":["GET"]}}],"collection":[{"href":"https:\/\/hospitalmoldearte.com\/en\/wp-json\/wp\/v2\/product"}],"about":[{"href":"https:\/\/hospitalmoldearte.com\/en\/wp-json\/wp\/v2\/types\/product"}],"wp:featuredmedia":[{"embeddable":true,"href":"https:\/\/hospitalmoldearte.com\/en\/wp-json\/wp\/v2\/media\/242944"}],"wp:attachment":[{"href":"https:\/\/hospitalmoldearte.com\/en\/wp-json\/wp\/v2\/media?parent=242130"}],"wp:term":[{"taxonomy":"product_brand","embeddable":true,"href":"https:\/\/hospitalmoldearte.com\/en\/wp-json\/wp\/v2\/product_brand?post=242130"},{"taxonomy":"product_cat","embeddable":true,"href":"https:\/\/hospitalmoldearte.com\/en\/wp-json\/wp\/v2\/product_cat?post=242130"},{"taxonomy":"product_tag","embeddable":true,"href":"https:\/\/hospitalmoldearte.com\/en\/wp-json\/wp\/v2\/product_tag?post=242130"}],"curies":[{"name":"wp","href":"https:\/\/api.w.org\/{rel}","templated":true}]}}