{"id":242183,"date":"2024-10-07T17:29:20","date_gmt":"2024-10-08T00:29:20","guid":{"rendered":"https:\/\/hospitalmoldearte.com\/?post_type=product&#038;p=242183"},"modified":"2026-01-23T22:57:11","modified_gmt":"2026-01-24T06:57:11","slug":"exosomas","status":"publish","type":"product","link":"https:\/\/hospitalmoldearte.com\/en\/product\/exosomas\/","title":{"rendered":"EXOSOMAS\u00ae"},"content":{"rendered":"<p><strong>\u00bfQui\u00e9n es candidato? \ud83d\udc81\ud83d\udc68\u200d\u2695\ufe0f<\/strong> Los exosomas son perfectos para personas que desean un tratamiento avanzado para mejorar la calidad de la piel, reducir signos de envejecimiento o reparar da\u00f1os como cicatrices y manchas. Este tratamiento es seguro y efectivo para casi cualquier tipo de piel y puede ser una gran opci\u00f3n si buscas resultados sin procedimientos invasivos.<\/p>\n<p><strong>Beneficios de los Exosomas \ud83c\udf31<\/strong><\/p>\n<ol>\n<li>\u2728 Incrementan la luminosidad y brillo natural de la piel.<\/li>\n<li>\ud83d\udca7 Hidratan profundamente para una piel m\u00e1s suave.<\/li>\n<li>\ud83c\udf3f Estimulan la regeneraci\u00f3n celular y rejuvenecen la piel.<\/li>\n<li>\ud83e\uddec Reducen l\u00edneas de expresi\u00f3n y arrugas.<\/li>\n<li>\ud83c\udf1f Mejoran la firmeza y elasticidad.<\/li>\n<li>\ud83d\udd0d Ayudan a difuminar cicatrices y manchas.<\/li>\n<li>\ud83d\udc86\u200d\u2640\ufe0f Aportan un efecto de lifting natural.<\/li>\n<li>\ud83e\ude84 Promueven una textura de piel uniforme.<\/li>\n<li>\ud83c\udf1e Calman la inflamaci\u00f3n y enrojecimiento.<\/li>\n<li>\ud83d\udcaa Fortalecen la barrera de la piel, haci\u00e9ndola m\u00e1s resistente.<\/li>\n<\/ol>\n<p>Descubre los beneficios de esta avanzada tecnolog\u00eda que transforma tu piel desde el nivel celular. Dale a tu rostro el cuidado innovador y efectivo que merece, \u00a1y si\u00e9ntete m\u00e1s radiante que nunca!<\/p>","protected":false},"excerpt":{"rendered":"<p>Los exosomas son peque\u00f1as part\u00edculas regeneradoras derivadas de c\u00e9lulas madre que act\u00faan como mensajeros naturales en nuestro cuerpo. Este tratamiento de \u00faltima generaci\u00f3n es ideal para rejuvenecer la piel y acelerar su reparaci\u00f3n, logrando una apariencia m\u00e1s joven y saludable. Al aplicar exosomas, las c\u00e9lulas reciben se\u00f1ales para incrementar la producci\u00f3n de col\u00e1geno y elastina, mejorando la estructura y firmeza de la piel de forma notable.<\/p>\n<h3>\u00bfQu\u00e9 incluye mi compra? \ud83e\udd14<\/h3>\n<p>Una sesi\u00f3n de Exosomas en una zona con 150 de millones de <span class=\"s1\">Exosomas\u00ae <\/span>en una zona a elegir entre: Rostro, cuello, escote y\/o manos para su Rejuvenecimiento; Cuero cabelludo o barba para estimulaci\u00f3n folicular fortaleciendo su crecimiento; Abdomen, laterales, pierna cara interna, pierna cara externa, brazo cara interna y\/o brazo cara externa para tratar las Estr\u00edas.<br \/>\n<span style=\"color: #ff6600;\"><strong>*Cuenta con 30 d\u00edas para realizarse el tratamiento a partir de su compra<\/strong><\/span><\/p>","protected":false},"featured_media":242284,"template":"","meta":[],"product_brand":[],"product_cat":[127,118,119],"product_tag":[],"class_list":{"0":"post-242183","1":"product","2":"type-product","3":"status-publish","4":"has-post-thumbnail","6":"product_cat-hidratacion-y-nutricion","7":"product_cat-medicina-estetica","8":"product_cat-rejuvenecimiento","10":"first","11":"instock","12":"virtual","13":"purchasable","14":"product-type-simple"},"yoast_head":"<!-- This site is optimized with the Yoast SEO plugin v27.4 - https:\/\/yoast.com\/product\/yoast-seo-wordpress\/ -->\n<title>EXOSOMAS\u00ae - MoldeClinik<\/title>\n<meta name=\"robots\" content=\"index, follow, max-snippet:-1, max-image-preview:large, max-video-preview:-1\" \/>\n<link rel=\"canonical\" href=\"https:\/\/hospitalmoldearte.com\/en\/product\/exosomas\/\" \/>\n<meta property=\"og:locale\" content=\"en_US\" \/>\n<meta property=\"og:type\" content=\"article\" \/>\n<meta property=\"og:title\" content=\"EXOSOMAS\u00ae - MoldeClinik\" \/>\n<meta property=\"og:description\" content=\"Los exosomas son peque\u00f1as part\u00edculas regeneradoras derivadas de c\u00e9lulas madre que act\u00faan como mensajeros naturales en nuestro cuerpo. Este tratamiento de \u00faltima generaci\u00f3n es ideal para rejuvenecer la piel y acelerar su reparaci\u00f3n, logrando una apariencia m\u00e1s joven y saludable. Al aplicar exosomas, las c\u00e9lulas reciben se\u00f1ales para incrementar la producci\u00f3n de col\u00e1geno y elastina, mejorando la estructura y firmeza de la piel de forma notable. \u00bfQu\u00e9 incluye mi compra? \ud83e\udd14 Una sesi\u00f3n de Exosomas en una zona con 150 de millones de Exosomas\u00ae en una zona a elegir entre: Rostro, cuello, escote y\/o manos para su Rejuvenecimiento; Cuero cabelludo o barba para estimulaci\u00f3n folicular fortaleciendo su crecimiento; Abdomen, laterales, pierna cara interna, pierna cara externa, brazo cara interna y\/o brazo cara externa para tratar las Estr\u00edas. *Cuenta con 30 d\u00edas para realizarse el tratamiento a partir de su compra\" \/>\n<meta property=\"og:url\" content=\"https:\/\/hospitalmoldearte.com\/en\/product\/exosomas\/\" \/>\n<meta property=\"og:site_name\" content=\"MoldeClinik\" \/>\n<meta property=\"article:modified_time\" content=\"2026-01-24T06:57:11+00:00\" \/>\n<meta property=\"og:image\" content=\"https:\/\/hospitalmoldearte.com\/wp-content\/uploads\/2024\/11\/EXOSOMAS.png\" \/>\n\t<meta property=\"og:image:width\" content=\"1080\" \/>\n\t<meta property=\"og:image:height\" content=\"1080\" \/>\n\t<meta property=\"og:image:type\" content=\"image\/png\" \/>\n<meta name=\"twitter:card\" content=\"summary_large_image\" \/>\n<meta name=\"twitter:label1\" content=\"Est. reading time\" \/>\n\t<meta name=\"twitter:data1\" content=\"1 minute\" \/>\n<script type=\"application\/ld+json\" class=\"yoast-schema-graph\">{\"@context\":\"https:\\\/\\\/schema.org\",\"@graph\":[{\"@type\":\"WebPage\",\"@id\":\"https:\\\/\\\/hospitalmoldearte.com\\\/producto\\\/exosomas\\\/\",\"url\":\"https:\\\/\\\/hospitalmoldearte.com\\\/producto\\\/exosomas\\\/\",\"name\":\"EXOSOMAS\u00ae - MoldeClinik\",\"isPartOf\":{\"@id\":\"https:\\\/\\\/hospitalmoldearte.com\\\/#website\"},\"primaryImageOfPage\":{\"@id\":\"https:\\\/\\\/hospitalmoldearte.com\\\/producto\\\/exosomas\\\/#primaryimage\"},\"image\":{\"@id\":\"https:\\\/\\\/hospitalmoldearte.com\\\/producto\\\/exosomas\\\/#primaryimage\"},\"thumbnailUrl\":\"https:\\\/\\\/hospitalmoldearte.com\\\/wp-content\\\/uploads\\\/2024\\\/11\\\/EXOSOMAS.png\",\"datePublished\":\"2024-10-08T00:29:20+00:00\",\"dateModified\":\"2026-01-24T06:57:11+00:00\",\"breadcrumb\":{\"@id\":\"https:\\\/\\\/hospitalmoldearte.com\\\/producto\\\/exosomas\\\/#breadcrumb\"},\"inLanguage\":\"en-US\",\"potentialAction\":[{\"@type\":\"ReadAction\",\"target\":[\"https:\\\/\\\/hospitalmoldearte.com\\\/producto\\\/exosomas\\\/\"]}]},{\"@type\":\"ImageObject\",\"inLanguage\":\"en-US\",\"@id\":\"https:\\\/\\\/hospitalmoldearte.com\\\/producto\\\/exosomas\\\/#primaryimage\",\"url\":\"https:\\\/\\\/hospitalmoldearte.com\\\/wp-content\\\/uploads\\\/2024\\\/11\\\/EXOSOMAS.png\",\"contentUrl\":\"https:\\\/\\\/hospitalmoldearte.com\\\/wp-content\\\/uploads\\\/2024\\\/11\\\/EXOSOMAS.png\",\"width\":1080,\"height\":1080},{\"@type\":\"BreadcrumbList\",\"@id\":\"https:\\\/\\\/hospitalmoldearte.com\\\/producto\\\/exosomas\\\/#breadcrumb\",\"itemListElement\":[{\"@type\":\"ListItem\",\"position\":1,\"name\":\"Home\",\"item\":\"https:\\\/\\\/hospitalmoldearte.com\\\/\"},{\"@type\":\"ListItem\",\"position\":2,\"name\":\"Nuestros servicios\",\"item\":\"https:\\\/\\\/hospitalmoldearte.com\\\/tienda\\\/\"},{\"@type\":\"ListItem\",\"position\":3,\"name\":\"EXOSOMAS\u00ae\"}]},{\"@type\":\"WebSite\",\"@id\":\"https:\\\/\\\/hospitalmoldearte.com\\\/#website\",\"url\":\"https:\\\/\\\/hospitalmoldearte.com\\\/\",\"name\":\"MoldeClinik\",\"description\":\"Bariatric &amp; Plastic Surgery\",\"publisher\":{\"@id\":\"https:\\\/\\\/hospitalmoldearte.com\\\/#organization\"},\"potentialAction\":[{\"@type\":\"SearchAction\",\"target\":{\"@type\":\"EntryPoint\",\"urlTemplate\":\"https:\\\/\\\/hospitalmoldearte.com\\\/?s={search_term_string}\"},\"query-input\":{\"@type\":\"PropertyValueSpecification\",\"valueRequired\":true,\"valueName\":\"search_term_string\"}}],\"inLanguage\":\"en-US\"},{\"@type\":\"Organization\",\"@id\":\"https:\\\/\\\/hospitalmoldearte.com\\\/#organization\",\"name\":\"MoldeClinik\",\"url\":\"https:\\\/\\\/hospitalmoldearte.com\\\/\",\"logo\":{\"@type\":\"ImageObject\",\"inLanguage\":\"en-US\",\"@id\":\"https:\\\/\\\/hospitalmoldearte.com\\\/#\\\/schema\\\/logo\\\/image\\\/\",\"url\":\"https:\\\/\\\/hospitalmoldearte.com\\\/wp-content\\\/uploads\\\/2023\\\/03\\\/LOGO-BLANCO-e1678751607233.png\",\"contentUrl\":\"https:\\\/\\\/hospitalmoldearte.com\\\/wp-content\\\/uploads\\\/2023\\\/03\\\/LOGO-BLANCO-e1678751607233.png\",\"width\":250,\"height\":81,\"caption\":\"MoldeClinik\"},\"image\":{\"@id\":\"https:\\\/\\\/hospitalmoldearte.com\\\/#\\\/schema\\\/logo\\\/image\\\/\"}}]}<\/script>\n<!-- \/ Yoast SEO plugin. -->","yoast_head_json":{"title":"EXOSOMAS\u00ae - MoldeClinik","robots":{"index":"index","follow":"follow","max-snippet":"max-snippet:-1","max-image-preview":"max-image-preview:large","max-video-preview":"max-video-preview:-1"},"canonical":"https:\/\/hospitalmoldearte.com\/en\/product\/exosomas\/","og_locale":"en_US","og_type":"article","og_title":"EXOSOMAS\u00ae - MoldeClinik","og_description":"Los exosomas son peque\u00f1as part\u00edculas regeneradoras derivadas de c\u00e9lulas madre que act\u00faan como mensajeros naturales en nuestro cuerpo. Este tratamiento de \u00faltima generaci\u00f3n es ideal para rejuvenecer la piel y acelerar su reparaci\u00f3n, logrando una apariencia m\u00e1s joven y saludable. Al aplicar exosomas, las c\u00e9lulas reciben se\u00f1ales para incrementar la producci\u00f3n de col\u00e1geno y elastina, mejorando la estructura y firmeza de la piel de forma notable. \u00bfQu\u00e9 incluye mi compra? \ud83e\udd14 Una sesi\u00f3n de Exosomas en una zona con 150 de millones de Exosomas\u00ae en una zona a elegir entre: Rostro, cuello, escote y\/o manos para su Rejuvenecimiento; Cuero cabelludo o barba para estimulaci\u00f3n folicular fortaleciendo su crecimiento; Abdomen, laterales, pierna cara interna, pierna cara externa, brazo cara interna y\/o brazo cara externa para tratar las Estr\u00edas. *Cuenta con 30 d\u00edas para realizarse el tratamiento a partir de su compra","og_url":"https:\/\/hospitalmoldearte.com\/en\/product\/exosomas\/","og_site_name":"MoldeClinik","article_modified_time":"2026-01-24T06:57:11+00:00","og_image":[{"width":1080,"height":1080,"url":"https:\/\/hospitalmoldearte.com\/wp-content\/uploads\/2024\/11\/EXOSOMAS.png","type":"image\/png"}],"twitter_card":"summary_large_image","twitter_misc":{"Est. reading time":"1 minute"},"schema":{"@context":"https:\/\/schema.org","@graph":[{"@type":"WebPage","@id":"https:\/\/hospitalmoldearte.com\/producto\/exosomas\/","url":"https:\/\/hospitalmoldearte.com\/producto\/exosomas\/","name":"EXOSOMAS\u00ae - MoldeClinik","isPartOf":{"@id":"https:\/\/hospitalmoldearte.com\/#website"},"primaryImageOfPage":{"@id":"https:\/\/hospitalmoldearte.com\/producto\/exosomas\/#primaryimage"},"image":{"@id":"https:\/\/hospitalmoldearte.com\/producto\/exosomas\/#primaryimage"},"thumbnailUrl":"https:\/\/hospitalmoldearte.com\/wp-content\/uploads\/2024\/11\/EXOSOMAS.png","datePublished":"2024-10-08T00:29:20+00:00","dateModified":"2026-01-24T06:57:11+00:00","breadcrumb":{"@id":"https:\/\/hospitalmoldearte.com\/producto\/exosomas\/#breadcrumb"},"inLanguage":"en-US","potentialAction":[{"@type":"ReadAction","target":["https:\/\/hospitalmoldearte.com\/producto\/exosomas\/"]}]},{"@type":"ImageObject","inLanguage":"en-US","@id":"https:\/\/hospitalmoldearte.com\/producto\/exosomas\/#primaryimage","url":"https:\/\/hospitalmoldearte.com\/wp-content\/uploads\/2024\/11\/EXOSOMAS.png","contentUrl":"https:\/\/hospitalmoldearte.com\/wp-content\/uploads\/2024\/11\/EXOSOMAS.png","width":1080,"height":1080},{"@type":"BreadcrumbList","@id":"https:\/\/hospitalmoldearte.com\/producto\/exosomas\/#breadcrumb","itemListElement":[{"@type":"ListItem","position":1,"name":"Home","item":"https:\/\/hospitalmoldearte.com\/"},{"@type":"ListItem","position":2,"name":"Nuestros servicios","item":"https:\/\/hospitalmoldearte.com\/tienda\/"},{"@type":"ListItem","position":3,"name":"EXOSOMAS\u00ae"}]},{"@type":"WebSite","@id":"https:\/\/hospitalmoldearte.com\/#website","url":"https:\/\/hospitalmoldearte.com\/","name":"MoldeClinik","description":"Bariatric &amp; Plastic Surgery","publisher":{"@id":"https:\/\/hospitalmoldearte.com\/#organization"},"potentialAction":[{"@type":"SearchAction","target":{"@type":"EntryPoint","urlTemplate":"https:\/\/hospitalmoldearte.com\/?s={search_term_string}"},"query-input":{"@type":"PropertyValueSpecification","valueRequired":true,"valueName":"search_term_string"}}],"inLanguage":"en-US"},{"@type":"Organization","@id":"https:\/\/hospitalmoldearte.com\/#organization","name":"MoldeClinik","url":"https:\/\/hospitalmoldearte.com\/","logo":{"@type":"ImageObject","inLanguage":"en-US","@id":"https:\/\/hospitalmoldearte.com\/#\/schema\/logo\/image\/","url":"https:\/\/hospitalmoldearte.com\/wp-content\/uploads\/2023\/03\/LOGO-BLANCO-e1678751607233.png","contentUrl":"https:\/\/hospitalmoldearte.com\/wp-content\/uploads\/2023\/03\/LOGO-BLANCO-e1678751607233.png","width":250,"height":81,"caption":"MoldeClinik"},"image":{"@id":"https:\/\/hospitalmoldearte.com\/#\/schema\/logo\/image\/"}}]}},"_links":{"self":[{"href":"https:\/\/hospitalmoldearte.com\/en\/wp-json\/wp\/v2\/product\/242183","targetHints":{"allow":["GET"]}}],"collection":[{"href":"https:\/\/hospitalmoldearte.com\/en\/wp-json\/wp\/v2\/product"}],"about":[{"href":"https:\/\/hospitalmoldearte.com\/en\/wp-json\/wp\/v2\/types\/product"}],"wp:featuredmedia":[{"embeddable":true,"href":"https:\/\/hospitalmoldearte.com\/en\/wp-json\/wp\/v2\/media\/242284"}],"wp:attachment":[{"href":"https:\/\/hospitalmoldearte.com\/en\/wp-json\/wp\/v2\/media?parent=242183"}],"wp:term":[{"taxonomy":"product_brand","embeddable":true,"href":"https:\/\/hospitalmoldearte.com\/en\/wp-json\/wp\/v2\/product_brand?post=242183"},{"taxonomy":"product_cat","embeddable":true,"href":"https:\/\/hospitalmoldearte.com\/en\/wp-json\/wp\/v2\/product_cat?post=242183"},{"taxonomy":"product_tag","embeddable":true,"href":"https:\/\/hospitalmoldearte.com\/en\/wp-json\/wp\/v2\/product_tag?post=242183"}],"curies":[{"name":"wp","href":"https:\/\/api.w.org\/{rel}","templated":true}]}}