{"id":242203,"date":"2024-10-21T12:58:55","date_gmt":"2024-10-21T19:58:55","guid":{"rendered":"https:\/\/hospitalmoldearte.com\/?post_type=product&#038;p=242203"},"modified":"2026-04-17T15:28:15","modified_gmt":"2026-04-17T22:28:15","slug":"bioestimulador-sculptra","status":"publish","type":"product","link":"https:\/\/hospitalmoldearte.com\/en\/product\/bioestimulador-sculptra\/","title":{"rendered":"BIOESTIMULADOR SCULPTRA\u00ae"},"content":{"rendered":"<p><strong>\u00bfQui\u00e9n es candidato? \ud83d\udc69\u200d\u2695\ufe0f\ud83d\udc68\u200d\u2695\ufe0f<\/strong> Sculptra es ideal para personas que desean mejorar la firmeza, volumen y elasticidad de su piel, pero buscan un tratamiento que ofrezca resultados graduales y naturales. Es una gran opci\u00f3n para quienes presentan p\u00e9rdida de volumen, flacidez o desean prevenir los signos de envejecimiento en el rostro, cuello o manos.<\/p>\n<p><strong>Beneficios de Sculptra \ud83c\udf1f<\/strong><\/p>\n<ol>\n<li>\u2728 Activa la producci\u00f3n natural de col\u00e1geno.<\/li>\n<li>\ud83d\udc86\u200d\u2640\ufe0f Aumenta la firmeza y elasticidad de la piel.<\/li>\n<li>\ud83d\udc89 Restaura el volumen perdido de manera sutil y progresiva.<\/li>\n<li>\ud83c\udf1e Mejora la textura y tono de la piel.<\/li>\n<li>\ud83c\udf31 Reduce la apariencia de arrugas y l\u00edneas profundas.<\/li>\n<li>\ud83d\udca7 Proporciona una hidrataci\u00f3n profunda.<\/li>\n<li>\ud83c\udf3f Refuerza la estructura de la piel desde el interior.<\/li>\n<li>\ud83e\uddd6\u200d\u2640\ufe0f Aporta un efecto lifting natural sin cirug\u00eda.<\/li>\n<li>\ud83c\udf39 Ofrece resultados duraderos y naturales.<\/li>\n<li>\ud83d\udcab Rejuvenece \u00e1reas clave como rostro, cuello y manos.<\/li>\n<\/ol>\n<p>Descubre la belleza de un rejuvenecimiento que luce y se siente natural. Con Sculptra, disfruta de una piel visiblemente m\u00e1s firme, suave y revitalizada a trav\u00e9s de un proceso gradual que respeta la armon\u00eda de tus rasgos. \u00a1Dale a tu piel el poder de renovarse desde adentro!<\/p>","protected":false},"excerpt":{"rendered":"<p>El bioestimulador Sculptra es un tratamiento revolucionario que activa la producci\u00f3n natural de col\u00e1geno en tu piel, restaurando su firmeza y mejorando su textura. A base de \u00e1cido poli-L-l\u00e1ctico, Sculptra trabaja desde el interior, fortaleciendo la estructura de la piel y ofreciendo resultados progresivos y duraderos. Ideal para quienes buscan una soluci\u00f3n natural y gradual para combatir los signos de envejecimiento.<\/p>\n<h3>\u00bfQu\u00e9 incluye mi compra? \ud83e\udd14<\/h3>\n<p>Una aplicaci\u00f3n de Bioestimulador Sculptra\u00ae en una zona.<br \/>\n<span class=\"fontstyle0\" style=\"color: #ff6600;\"><strong>*Cuenta con 30 d\u00edas para realizarse el tratamiento a partir de su compra<\/strong><\/span><\/p>","protected":false},"featured_media":242953,"template":"","meta":[],"product_brand":[],"product_cat":[128,118,119,135],"product_tag":[],"class_list":{"0":"post-242203","1":"product","2":"type-product","3":"status-publish","4":"has-post-thumbnail","6":"product_cat-anti-flacidez","7":"product_cat-medicina-estetica","8":"product_cat-rejuvenecimiento","9":"product_cat-sale","11":"first","12":"instock","13":"sale","14":"virtual","15":"purchasable","16":"product-type-simple"},"yoast_head":"<!-- This site is optimized with the Yoast SEO plugin v27.4 - https:\/\/yoast.com\/product\/yoast-seo-wordpress\/ -->\n<title>BIOESTIMULADOR SCULPTRA\u00ae - MoldeClinik<\/title>\n<meta name=\"robots\" content=\"index, follow, max-snippet:-1, max-image-preview:large, max-video-preview:-1\" \/>\n<link rel=\"canonical\" href=\"https:\/\/hospitalmoldearte.com\/en\/product\/bioestimulador-sculptra\/\" \/>\n<meta property=\"og:locale\" content=\"en_US\" \/>\n<meta property=\"og:type\" content=\"article\" \/>\n<meta property=\"og:title\" content=\"BIOESTIMULADOR SCULPTRA\u00ae - MoldeClinik\" \/>\n<meta property=\"og:description\" content=\"El bioestimulador Sculptra es un tratamiento revolucionario que activa la producci\u00f3n natural de col\u00e1geno en tu piel, restaurando su firmeza y mejorando su textura. A base de \u00e1cido poli-L-l\u00e1ctico, Sculptra trabaja desde el interior, fortaleciendo la estructura de la piel y ofreciendo resultados progresivos y duraderos. Ideal para quienes buscan una soluci\u00f3n natural y gradual para combatir los signos de envejecimiento. \u00bfQu\u00e9 incluye mi compra? \ud83e\udd14 Una aplicaci\u00f3n de Bioestimulador Sculptra\u00ae en una zona. *Cuenta con 30 d\u00edas para realizarse el tratamiento a partir de su compra\" \/>\n<meta property=\"og:url\" content=\"https:\/\/hospitalmoldearte.com\/en\/product\/bioestimulador-sculptra\/\" \/>\n<meta property=\"og:site_name\" content=\"MoldeClinik\" \/>\n<meta property=\"article:modified_time\" content=\"2026-04-17T22:28:15+00:00\" \/>\n<meta property=\"og:image\" content=\"https:\/\/hospitalmoldearte.com\/wp-content\/uploads\/2024\/10\/SCULPTRA.jpg\" \/>\n\t<meta property=\"og:image:width\" content=\"1080\" \/>\n\t<meta property=\"og:image:height\" content=\"1080\" \/>\n\t<meta property=\"og:image:type\" content=\"image\/jpeg\" \/>\n<meta name=\"twitter:card\" content=\"summary_large_image\" \/>\n<meta name=\"twitter:label1\" content=\"Est. reading time\" \/>\n\t<meta name=\"twitter:data1\" content=\"2 minutes\" \/>\n<script type=\"application\/ld+json\" class=\"yoast-schema-graph\">{\"@context\":\"https:\\\/\\\/schema.org\",\"@graph\":[{\"@type\":\"WebPage\",\"@id\":\"https:\\\/\\\/hospitalmoldearte.com\\\/producto\\\/bioestimulador-sculptra\\\/\",\"url\":\"https:\\\/\\\/hospitalmoldearte.com\\\/producto\\\/bioestimulador-sculptra\\\/\",\"name\":\"BIOESTIMULADOR SCULPTRA\u00ae - MoldeClinik\",\"isPartOf\":{\"@id\":\"https:\\\/\\\/hospitalmoldearte.com\\\/#website\"},\"primaryImageOfPage\":{\"@id\":\"https:\\\/\\\/hospitalmoldearte.com\\\/producto\\\/bioestimulador-sculptra\\\/#primaryimage\"},\"image\":{\"@id\":\"https:\\\/\\\/hospitalmoldearte.com\\\/producto\\\/bioestimulador-sculptra\\\/#primaryimage\"},\"thumbnailUrl\":\"https:\\\/\\\/hospitalmoldearte.com\\\/wp-content\\\/uploads\\\/2024\\\/10\\\/SCULPTRA.jpg\",\"datePublished\":\"2024-10-21T19:58:55+00:00\",\"dateModified\":\"2026-04-17T22:28:15+00:00\",\"breadcrumb\":{\"@id\":\"https:\\\/\\\/hospitalmoldearte.com\\\/producto\\\/bioestimulador-sculptra\\\/#breadcrumb\"},\"inLanguage\":\"en-US\",\"potentialAction\":[{\"@type\":\"ReadAction\",\"target\":[\"https:\\\/\\\/hospitalmoldearte.com\\\/producto\\\/bioestimulador-sculptra\\\/\"]}]},{\"@type\":\"ImageObject\",\"inLanguage\":\"en-US\",\"@id\":\"https:\\\/\\\/hospitalmoldearte.com\\\/producto\\\/bioestimulador-sculptra\\\/#primaryimage\",\"url\":\"https:\\\/\\\/hospitalmoldearte.com\\\/wp-content\\\/uploads\\\/2024\\\/10\\\/SCULPTRA.jpg\",\"contentUrl\":\"https:\\\/\\\/hospitalmoldearte.com\\\/wp-content\\\/uploads\\\/2024\\\/10\\\/SCULPTRA.jpg\",\"width\":1080,\"height\":1080},{\"@type\":\"BreadcrumbList\",\"@id\":\"https:\\\/\\\/hospitalmoldearte.com\\\/producto\\\/bioestimulador-sculptra\\\/#breadcrumb\",\"itemListElement\":[{\"@type\":\"ListItem\",\"position\":1,\"name\":\"Home\",\"item\":\"https:\\\/\\\/hospitalmoldearte.com\\\/\"},{\"@type\":\"ListItem\",\"position\":2,\"name\":\"Nuestros servicios\",\"item\":\"https:\\\/\\\/hospitalmoldearte.com\\\/tienda\\\/\"},{\"@type\":\"ListItem\",\"position\":3,\"name\":\"BIOESTIMULADOR SCULPTRA\u00ae\"}]},{\"@type\":\"WebSite\",\"@id\":\"https:\\\/\\\/hospitalmoldearte.com\\\/#website\",\"url\":\"https:\\\/\\\/hospitalmoldearte.com\\\/\",\"name\":\"MoldeClinik\",\"description\":\"Bariatric &amp; Plastic Surgery\",\"publisher\":{\"@id\":\"https:\\\/\\\/hospitalmoldearte.com\\\/#organization\"},\"potentialAction\":[{\"@type\":\"SearchAction\",\"target\":{\"@type\":\"EntryPoint\",\"urlTemplate\":\"https:\\\/\\\/hospitalmoldearte.com\\\/?s={search_term_string}\"},\"query-input\":{\"@type\":\"PropertyValueSpecification\",\"valueRequired\":true,\"valueName\":\"search_term_string\"}}],\"inLanguage\":\"en-US\"},{\"@type\":\"Organization\",\"@id\":\"https:\\\/\\\/hospitalmoldearte.com\\\/#organization\",\"name\":\"MoldeClinik\",\"url\":\"https:\\\/\\\/hospitalmoldearte.com\\\/\",\"logo\":{\"@type\":\"ImageObject\",\"inLanguage\":\"en-US\",\"@id\":\"https:\\\/\\\/hospitalmoldearte.com\\\/#\\\/schema\\\/logo\\\/image\\\/\",\"url\":\"https:\\\/\\\/hospitalmoldearte.com\\\/wp-content\\\/uploads\\\/2023\\\/03\\\/LOGO-BLANCO-e1678751607233.png\",\"contentUrl\":\"https:\\\/\\\/hospitalmoldearte.com\\\/wp-content\\\/uploads\\\/2023\\\/03\\\/LOGO-BLANCO-e1678751607233.png\",\"width\":250,\"height\":81,\"caption\":\"MoldeClinik\"},\"image\":{\"@id\":\"https:\\\/\\\/hospitalmoldearte.com\\\/#\\\/schema\\\/logo\\\/image\\\/\"}}]}<\/script>\n<!-- \/ Yoast SEO plugin. -->","yoast_head_json":{"title":"BIOESTIMULADOR SCULPTRA\u00ae - MoldeClinik","robots":{"index":"index","follow":"follow","max-snippet":"max-snippet:-1","max-image-preview":"max-image-preview:large","max-video-preview":"max-video-preview:-1"},"canonical":"https:\/\/hospitalmoldearte.com\/en\/product\/bioestimulador-sculptra\/","og_locale":"en_US","og_type":"article","og_title":"BIOESTIMULADOR SCULPTRA\u00ae - MoldeClinik","og_description":"El bioestimulador Sculptra es un tratamiento revolucionario que activa la producci\u00f3n natural de col\u00e1geno en tu piel, restaurando su firmeza y mejorando su textura. A base de \u00e1cido poli-L-l\u00e1ctico, Sculptra trabaja desde el interior, fortaleciendo la estructura de la piel y ofreciendo resultados progresivos y duraderos. Ideal para quienes buscan una soluci\u00f3n natural y gradual para combatir los signos de envejecimiento. \u00bfQu\u00e9 incluye mi compra? \ud83e\udd14 Una aplicaci\u00f3n de Bioestimulador Sculptra\u00ae en una zona. *Cuenta con 30 d\u00edas para realizarse el tratamiento a partir de su compra","og_url":"https:\/\/hospitalmoldearte.com\/en\/product\/bioestimulador-sculptra\/","og_site_name":"MoldeClinik","article_modified_time":"2026-04-17T22:28:15+00:00","og_image":[{"width":1080,"height":1080,"url":"https:\/\/hospitalmoldearte.com\/wp-content\/uploads\/2024\/10\/SCULPTRA.jpg","type":"image\/jpeg"}],"twitter_card":"summary_large_image","twitter_misc":{"Est. reading time":"2 minutes"},"schema":{"@context":"https:\/\/schema.org","@graph":[{"@type":"WebPage","@id":"https:\/\/hospitalmoldearte.com\/producto\/bioestimulador-sculptra\/","url":"https:\/\/hospitalmoldearte.com\/producto\/bioestimulador-sculptra\/","name":"BIOESTIMULADOR SCULPTRA\u00ae - MoldeClinik","isPartOf":{"@id":"https:\/\/hospitalmoldearte.com\/#website"},"primaryImageOfPage":{"@id":"https:\/\/hospitalmoldearte.com\/producto\/bioestimulador-sculptra\/#primaryimage"},"image":{"@id":"https:\/\/hospitalmoldearte.com\/producto\/bioestimulador-sculptra\/#primaryimage"},"thumbnailUrl":"https:\/\/hospitalmoldearte.com\/wp-content\/uploads\/2024\/10\/SCULPTRA.jpg","datePublished":"2024-10-21T19:58:55+00:00","dateModified":"2026-04-17T22:28:15+00:00","breadcrumb":{"@id":"https:\/\/hospitalmoldearte.com\/producto\/bioestimulador-sculptra\/#breadcrumb"},"inLanguage":"en-US","potentialAction":[{"@type":"ReadAction","target":["https:\/\/hospitalmoldearte.com\/producto\/bioestimulador-sculptra\/"]}]},{"@type":"ImageObject","inLanguage":"en-US","@id":"https:\/\/hospitalmoldearte.com\/producto\/bioestimulador-sculptra\/#primaryimage","url":"https:\/\/hospitalmoldearte.com\/wp-content\/uploads\/2024\/10\/SCULPTRA.jpg","contentUrl":"https:\/\/hospitalmoldearte.com\/wp-content\/uploads\/2024\/10\/SCULPTRA.jpg","width":1080,"height":1080},{"@type":"BreadcrumbList","@id":"https:\/\/hospitalmoldearte.com\/producto\/bioestimulador-sculptra\/#breadcrumb","itemListElement":[{"@type":"ListItem","position":1,"name":"Home","item":"https:\/\/hospitalmoldearte.com\/"},{"@type":"ListItem","position":2,"name":"Nuestros servicios","item":"https:\/\/hospitalmoldearte.com\/tienda\/"},{"@type":"ListItem","position":3,"name":"BIOESTIMULADOR SCULPTRA\u00ae"}]},{"@type":"WebSite","@id":"https:\/\/hospitalmoldearte.com\/#website","url":"https:\/\/hospitalmoldearte.com\/","name":"MoldeClinik","description":"Bariatric &amp; Plastic Surgery","publisher":{"@id":"https:\/\/hospitalmoldearte.com\/#organization"},"potentialAction":[{"@type":"SearchAction","target":{"@type":"EntryPoint","urlTemplate":"https:\/\/hospitalmoldearte.com\/?s={search_term_string}"},"query-input":{"@type":"PropertyValueSpecification","valueRequired":true,"valueName":"search_term_string"}}],"inLanguage":"en-US"},{"@type":"Organization","@id":"https:\/\/hospitalmoldearte.com\/#organization","name":"MoldeClinik","url":"https:\/\/hospitalmoldearte.com\/","logo":{"@type":"ImageObject","inLanguage":"en-US","@id":"https:\/\/hospitalmoldearte.com\/#\/schema\/logo\/image\/","url":"https:\/\/hospitalmoldearte.com\/wp-content\/uploads\/2023\/03\/LOGO-BLANCO-e1678751607233.png","contentUrl":"https:\/\/hospitalmoldearte.com\/wp-content\/uploads\/2023\/03\/LOGO-BLANCO-e1678751607233.png","width":250,"height":81,"caption":"MoldeClinik"},"image":{"@id":"https:\/\/hospitalmoldearte.com\/#\/schema\/logo\/image\/"}}]}},"_links":{"self":[{"href":"https:\/\/hospitalmoldearte.com\/en\/wp-json\/wp\/v2\/product\/242203","targetHints":{"allow":["GET"]}}],"collection":[{"href":"https:\/\/hospitalmoldearte.com\/en\/wp-json\/wp\/v2\/product"}],"about":[{"href":"https:\/\/hospitalmoldearte.com\/en\/wp-json\/wp\/v2\/types\/product"}],"wp:featuredmedia":[{"embeddable":true,"href":"https:\/\/hospitalmoldearte.com\/en\/wp-json\/wp\/v2\/media\/242953"}],"wp:attachment":[{"href":"https:\/\/hospitalmoldearte.com\/en\/wp-json\/wp\/v2\/media?parent=242203"}],"wp:term":[{"taxonomy":"product_brand","embeddable":true,"href":"https:\/\/hospitalmoldearte.com\/en\/wp-json\/wp\/v2\/product_brand?post=242203"},{"taxonomy":"product_cat","embeddable":true,"href":"https:\/\/hospitalmoldearte.com\/en\/wp-json\/wp\/v2\/product_cat?post=242203"},{"taxonomy":"product_tag","embeddable":true,"href":"https:\/\/hospitalmoldearte.com\/en\/wp-json\/wp\/v2\/product_tag?post=242203"}],"curies":[{"name":"wp","href":"https:\/\/api.w.org\/{rel}","templated":true}]}}