{"id":242272,"date":"2024-11-05T16:04:13","date_gmt":"2024-11-06T00:04:13","guid":{"rendered":"https:\/\/hospitalmoldearte.com\/?post_type=product&#038;p=242272"},"modified":"2026-05-07T12:28:41","modified_gmt":"2026-05-07T19:28:41","slug":"toxina-botulinica-dysport","status":"publish","type":"product","link":"https:\/\/hospitalmoldearte.com\/en\/product\/toxina-botulinica-dysport\/","title":{"rendered":"TOXINA BOTUL\u00cdNICA DYSPORT\u00ae"},"content":{"rendered":"<p><strong>\u00bfQui\u00e9n es candidato? \ud83d\udc69\u200d\u2695\ufe0f\ud83d\udc68\u200d\u2695\ufe0f<\/strong> Dysport\u00ae es ideal para hombres y mujeres que desean minimizar las l\u00edneas de expresi\u00f3n y arrugas, especialmente en el tercio superior del rostro. Es perfecto para quienes buscan un rostro m\u00e1s rejuvenecido y descansado, con resultados naturales y sin cirug\u00eda.<\/p>\n<p><strong>Beneficios de Dysport\u00ae \ud83c\udf1f<\/strong><\/p>\n<ol>\n<li>\u2728 Suaviza arrugas y l\u00edneas de expresi\u00f3n de manera efectiva.<\/li>\n<li>\ud83d\udc86\u200d\u2640\ufe0f Relaja los m\u00fasculos faciales, creando un efecto rejuvenecedor.<\/li>\n<li>\ud83c\udf38 Previene la formaci\u00f3n de nuevas arrugas.<\/li>\n<li>\ud83d\udca7 Proporciona una apariencia fresca y luminosa.<\/li>\n<li>\ud83c\udf3f Efecto natural que mantiene tu expresi\u00f3n sin rigidez.<\/li>\n<li>\ud83d\udd04 Resultados visibles en pocos d\u00edas, con un aspecto gradual y armonioso.<\/li>\n<li>\ud83c\udf1e Efecto temporal que permite un ajuste a tus necesidades.<\/li>\n<li>\ud83d\udcaa Ayuda a equilibrar y mejorar la simetr\u00eda facial.<\/li>\n<li>\ud83e\uddd6\u200d\u2640\ufe0f Sin necesidad de recuperaci\u00f3n prolongada, regresa a tus actividades de inmediato.<\/li>\n<li>\ud83c\udf31 Ideal para quienes buscan suavizar su rostro de forma sutil y efectiva.<\/li>\n<\/ol>\n<p>Con Dysport\u00ae, logra una piel m\u00e1s suave, un rostro descansado y una expresi\u00f3n revitalizada. \u00a1Descubre el poder de un tratamiento que realza tu belleza natural y te da una apariencia renovada y radiante!<\/p>","protected":false},"excerpt":{"rendered":"<p>La toxina botul\u00ednica Dysport\u00ae es un tratamiento avanzado que ayuda a reducir y prevenir las arrugas en \u00e1reas comunes como el entrecejo, frente y patas de gallo. Dysport\u00ae act\u00faa relajando los m\u00fasculos faciales de forma precisa, suavizando las l\u00edneas de expresi\u00f3n para lograr una piel m\u00e1s tersa y una apariencia descansada y natural.<\/p>\n<h3>\u00bfQu\u00e9 incluye mi compra? \ud83e\udd14<\/h3>\n<p>Una aplicaci\u00f3n de Toxina Botul\u00ednica Dysport\u00ae en frente, entrecejo y &#8220;patas de gallo&#8221;.<br \/>\n<span style=\"color: #3366ff;\"><strong>\ud83d\udcb8 Precio pagando en efectivo en sucursal: $3,600 MXN. (v\u00e1lido hasta el 16 de mayo del 2026)<\/strong><\/span><br \/>\n<span class=\"fontstyle0\" style=\"color: #ff6600;\"><strong>*Cuenta con 30 d\u00edas para realizarse el tratamiento a partir de su compra<\/strong><\/span><\/p>","protected":false},"featured_media":242911,"template":"","meta":[],"product_brand":[],"product_cat":[118,119,132,135,133],"product_tag":[],"class_list":{"0":"post-242272","1":"product","2":"type-product","3":"status-publish","4":"has-post-thumbnail","6":"product_cat-medicina-estetica","7":"product_cat-rejuvenecimiento","8":"product_cat-relaja-y-atenua-lineas-de-expresion","9":"product_cat-sale","10":"product_cat-toxina-botulinica","12":"first","13":"instock","14":"sale","15":"featured","16":"virtual","17":"purchasable","18":"product-type-simple"},"yoast_head":"<!-- This site is optimized with the Yoast SEO plugin v27.4 - https:\/\/yoast.com\/product\/yoast-seo-wordpress\/ -->\n<title>TOXINA BOTUL\u00cdNICA DYSPORT\u00ae - MoldeClinik<\/title>\n<meta name=\"robots\" content=\"index, follow, max-snippet:-1, max-image-preview:large, max-video-preview:-1\" \/>\n<link rel=\"canonical\" href=\"https:\/\/hospitalmoldearte.com\/en\/product\/toxina-botulinica-dysport\/\" \/>\n<meta property=\"og:locale\" content=\"en_US\" \/>\n<meta property=\"og:type\" content=\"article\" \/>\n<meta property=\"og:title\" content=\"TOXINA BOTUL\u00cdNICA DYSPORT\u00ae - MoldeClinik\" \/>\n<meta property=\"og:description\" content=\"La toxina botul\u00ednica Dysport\u00ae es un tratamiento avanzado que ayuda a reducir y prevenir las arrugas en \u00e1reas comunes como el entrecejo, frente y patas de gallo. Dysport\u00ae act\u00faa relajando los m\u00fasculos faciales de forma precisa, suavizando las l\u00edneas de expresi\u00f3n para lograr una piel m\u00e1s tersa y una apariencia descansada y natural. \u00bfQu\u00e9 incluye mi compra? \ud83e\udd14 Una aplicaci\u00f3n de Toxina Botul\u00ednica Dysport\u00ae en frente, entrecejo y &quot;patas de gallo&quot;. \ud83d\udcb8 Precio pagando en efectivo en sucursal: $3,600 MXN. (v\u00e1lido hasta el 16 de mayo del 2026) *Cuenta con 30 d\u00edas para realizarse el tratamiento a partir de su compra\" \/>\n<meta property=\"og:url\" content=\"https:\/\/hospitalmoldearte.com\/en\/product\/toxina-botulinica-dysport\/\" \/>\n<meta property=\"og:site_name\" content=\"MoldeClinik\" \/>\n<meta property=\"article:modified_time\" content=\"2026-05-07T19:28:41+00:00\" \/>\n<meta property=\"og:image\" content=\"https:\/\/hospitalmoldearte.com\/wp-content\/uploads\/2025\/12\/DYSPORT.jpg\" \/>\n\t<meta property=\"og:image:width\" content=\"1080\" \/>\n\t<meta property=\"og:image:height\" content=\"1080\" \/>\n\t<meta property=\"og:image:type\" content=\"image\/jpeg\" \/>\n<meta name=\"twitter:card\" content=\"summary_large_image\" \/>\n<meta name=\"twitter:label1\" content=\"Est. reading time\" \/>\n\t<meta name=\"twitter:data1\" content=\"2 minutes\" \/>\n<script type=\"application\/ld+json\" class=\"yoast-schema-graph\">{\"@context\":\"https:\\\/\\\/schema.org\",\"@graph\":[{\"@type\":\"WebPage\",\"@id\":\"https:\\\/\\\/hospitalmoldearte.com\\\/producto\\\/toxina-botulinica-dysport\\\/\",\"url\":\"https:\\\/\\\/hospitalmoldearte.com\\\/producto\\\/toxina-botulinica-dysport\\\/\",\"name\":\"TOXINA BOTUL\u00cdNICA DYSPORT\u00ae - MoldeClinik\",\"isPartOf\":{\"@id\":\"https:\\\/\\\/hospitalmoldearte.com\\\/#website\"},\"primaryImageOfPage\":{\"@id\":\"https:\\\/\\\/hospitalmoldearte.com\\\/producto\\\/toxina-botulinica-dysport\\\/#primaryimage\"},\"image\":{\"@id\":\"https:\\\/\\\/hospitalmoldearte.com\\\/producto\\\/toxina-botulinica-dysport\\\/#primaryimage\"},\"thumbnailUrl\":\"https:\\\/\\\/hospitalmoldearte.com\\\/wp-content\\\/uploads\\\/2025\\\/12\\\/DYSPORT.jpg\",\"datePublished\":\"2024-11-06T00:04:13+00:00\",\"dateModified\":\"2026-05-07T19:28:41+00:00\",\"breadcrumb\":{\"@id\":\"https:\\\/\\\/hospitalmoldearte.com\\\/producto\\\/toxina-botulinica-dysport\\\/#breadcrumb\"},\"inLanguage\":\"en-US\",\"potentialAction\":[{\"@type\":\"ReadAction\",\"target\":[\"https:\\\/\\\/hospitalmoldearte.com\\\/producto\\\/toxina-botulinica-dysport\\\/\"]}]},{\"@type\":\"ImageObject\",\"inLanguage\":\"en-US\",\"@id\":\"https:\\\/\\\/hospitalmoldearte.com\\\/producto\\\/toxina-botulinica-dysport\\\/#primaryimage\",\"url\":\"https:\\\/\\\/hospitalmoldearte.com\\\/wp-content\\\/uploads\\\/2025\\\/12\\\/DYSPORT.jpg\",\"contentUrl\":\"https:\\\/\\\/hospitalmoldearte.com\\\/wp-content\\\/uploads\\\/2025\\\/12\\\/DYSPORT.jpg\",\"width\":1080,\"height\":1080},{\"@type\":\"BreadcrumbList\",\"@id\":\"https:\\\/\\\/hospitalmoldearte.com\\\/producto\\\/toxina-botulinica-dysport\\\/#breadcrumb\",\"itemListElement\":[{\"@type\":\"ListItem\",\"position\":1,\"name\":\"Home\",\"item\":\"https:\\\/\\\/hospitalmoldearte.com\\\/\"},{\"@type\":\"ListItem\",\"position\":2,\"name\":\"Nuestros servicios\",\"item\":\"https:\\\/\\\/hospitalmoldearte.com\\\/tienda\\\/\"},{\"@type\":\"ListItem\",\"position\":3,\"name\":\"TOXINA BOTUL\u00cdNICA DYSPORT\u00ae\"}]},{\"@type\":\"WebSite\",\"@id\":\"https:\\\/\\\/hospitalmoldearte.com\\\/#website\",\"url\":\"https:\\\/\\\/hospitalmoldearte.com\\\/\",\"name\":\"MoldeClinik\",\"description\":\"Bariatric &amp; Plastic Surgery\",\"publisher\":{\"@id\":\"https:\\\/\\\/hospitalmoldearte.com\\\/#organization\"},\"potentialAction\":[{\"@type\":\"SearchAction\",\"target\":{\"@type\":\"EntryPoint\",\"urlTemplate\":\"https:\\\/\\\/hospitalmoldearte.com\\\/?s={search_term_string}\"},\"query-input\":{\"@type\":\"PropertyValueSpecification\",\"valueRequired\":true,\"valueName\":\"search_term_string\"}}],\"inLanguage\":\"en-US\"},{\"@type\":\"Organization\",\"@id\":\"https:\\\/\\\/hospitalmoldearte.com\\\/#organization\",\"name\":\"MoldeClinik\",\"url\":\"https:\\\/\\\/hospitalmoldearte.com\\\/\",\"logo\":{\"@type\":\"ImageObject\",\"inLanguage\":\"en-US\",\"@id\":\"https:\\\/\\\/hospitalmoldearte.com\\\/#\\\/schema\\\/logo\\\/image\\\/\",\"url\":\"https:\\\/\\\/hospitalmoldearte.com\\\/wp-content\\\/uploads\\\/2023\\\/03\\\/LOGO-BLANCO-e1678751607233.png\",\"contentUrl\":\"https:\\\/\\\/hospitalmoldearte.com\\\/wp-content\\\/uploads\\\/2023\\\/03\\\/LOGO-BLANCO-e1678751607233.png\",\"width\":250,\"height\":81,\"caption\":\"MoldeClinik\"},\"image\":{\"@id\":\"https:\\\/\\\/hospitalmoldearte.com\\\/#\\\/schema\\\/logo\\\/image\\\/\"}}]}<\/script>\n<!-- \/ Yoast SEO plugin. -->","yoast_head_json":{"title":"TOXINA BOTUL\u00cdNICA DYSPORT\u00ae - MoldeClinik","robots":{"index":"index","follow":"follow","max-snippet":"max-snippet:-1","max-image-preview":"max-image-preview:large","max-video-preview":"max-video-preview:-1"},"canonical":"https:\/\/hospitalmoldearte.com\/en\/product\/toxina-botulinica-dysport\/","og_locale":"en_US","og_type":"article","og_title":"TOXINA BOTUL\u00cdNICA DYSPORT\u00ae - MoldeClinik","og_description":"La toxina botul\u00ednica Dysport\u00ae es un tratamiento avanzado que ayuda a reducir y prevenir las arrugas en \u00e1reas comunes como el entrecejo, frente y patas de gallo. Dysport\u00ae act\u00faa relajando los m\u00fasculos faciales de forma precisa, suavizando las l\u00edneas de expresi\u00f3n para lograr una piel m\u00e1s tersa y una apariencia descansada y natural. \u00bfQu\u00e9 incluye mi compra? \ud83e\udd14 Una aplicaci\u00f3n de Toxina Botul\u00ednica Dysport\u00ae en frente, entrecejo y \"patas de gallo\". \ud83d\udcb8 Precio pagando en efectivo en sucursal: $3,600 MXN. (v\u00e1lido hasta el 16 de mayo del 2026) *Cuenta con 30 d\u00edas para realizarse el tratamiento a partir de su compra","og_url":"https:\/\/hospitalmoldearte.com\/en\/product\/toxina-botulinica-dysport\/","og_site_name":"MoldeClinik","article_modified_time":"2026-05-07T19:28:41+00:00","og_image":[{"width":1080,"height":1080,"url":"https:\/\/hospitalmoldearte.com\/wp-content\/uploads\/2025\/12\/DYSPORT.jpg","type":"image\/jpeg"}],"twitter_card":"summary_large_image","twitter_misc":{"Est. reading time":"2 minutes"},"schema":{"@context":"https:\/\/schema.org","@graph":[{"@type":"WebPage","@id":"https:\/\/hospitalmoldearte.com\/producto\/toxina-botulinica-dysport\/","url":"https:\/\/hospitalmoldearte.com\/producto\/toxina-botulinica-dysport\/","name":"TOXINA BOTUL\u00cdNICA DYSPORT\u00ae - MoldeClinik","isPartOf":{"@id":"https:\/\/hospitalmoldearte.com\/#website"},"primaryImageOfPage":{"@id":"https:\/\/hospitalmoldearte.com\/producto\/toxina-botulinica-dysport\/#primaryimage"},"image":{"@id":"https:\/\/hospitalmoldearte.com\/producto\/toxina-botulinica-dysport\/#primaryimage"},"thumbnailUrl":"https:\/\/hospitalmoldearte.com\/wp-content\/uploads\/2025\/12\/DYSPORT.jpg","datePublished":"2024-11-06T00:04:13+00:00","dateModified":"2026-05-07T19:28:41+00:00","breadcrumb":{"@id":"https:\/\/hospitalmoldearte.com\/producto\/toxina-botulinica-dysport\/#breadcrumb"},"inLanguage":"en-US","potentialAction":[{"@type":"ReadAction","target":["https:\/\/hospitalmoldearte.com\/producto\/toxina-botulinica-dysport\/"]}]},{"@type":"ImageObject","inLanguage":"en-US","@id":"https:\/\/hospitalmoldearte.com\/producto\/toxina-botulinica-dysport\/#primaryimage","url":"https:\/\/hospitalmoldearte.com\/wp-content\/uploads\/2025\/12\/DYSPORT.jpg","contentUrl":"https:\/\/hospitalmoldearte.com\/wp-content\/uploads\/2025\/12\/DYSPORT.jpg","width":1080,"height":1080},{"@type":"BreadcrumbList","@id":"https:\/\/hospitalmoldearte.com\/producto\/toxina-botulinica-dysport\/#breadcrumb","itemListElement":[{"@type":"ListItem","position":1,"name":"Home","item":"https:\/\/hospitalmoldearte.com\/"},{"@type":"ListItem","position":2,"name":"Nuestros servicios","item":"https:\/\/hospitalmoldearte.com\/tienda\/"},{"@type":"ListItem","position":3,"name":"TOXINA BOTUL\u00cdNICA DYSPORT\u00ae"}]},{"@type":"WebSite","@id":"https:\/\/hospitalmoldearte.com\/#website","url":"https:\/\/hospitalmoldearte.com\/","name":"MoldeClinik","description":"Bariatric &amp; Plastic Surgery","publisher":{"@id":"https:\/\/hospitalmoldearte.com\/#organization"},"potentialAction":[{"@type":"SearchAction","target":{"@type":"EntryPoint","urlTemplate":"https:\/\/hospitalmoldearte.com\/?s={search_term_string}"},"query-input":{"@type":"PropertyValueSpecification","valueRequired":true,"valueName":"search_term_string"}}],"inLanguage":"en-US"},{"@type":"Organization","@id":"https:\/\/hospitalmoldearte.com\/#organization","name":"MoldeClinik","url":"https:\/\/hospitalmoldearte.com\/","logo":{"@type":"ImageObject","inLanguage":"en-US","@id":"https:\/\/hospitalmoldearte.com\/#\/schema\/logo\/image\/","url":"https:\/\/hospitalmoldearte.com\/wp-content\/uploads\/2023\/03\/LOGO-BLANCO-e1678751607233.png","contentUrl":"https:\/\/hospitalmoldearte.com\/wp-content\/uploads\/2023\/03\/LOGO-BLANCO-e1678751607233.png","width":250,"height":81,"caption":"MoldeClinik"},"image":{"@id":"https:\/\/hospitalmoldearte.com\/#\/schema\/logo\/image\/"}}]}},"_links":{"self":[{"href":"https:\/\/hospitalmoldearte.com\/en\/wp-json\/wp\/v2\/product\/242272","targetHints":{"allow":["GET"]}}],"collection":[{"href":"https:\/\/hospitalmoldearte.com\/en\/wp-json\/wp\/v2\/product"}],"about":[{"href":"https:\/\/hospitalmoldearte.com\/en\/wp-json\/wp\/v2\/types\/product"}],"wp:featuredmedia":[{"embeddable":true,"href":"https:\/\/hospitalmoldearte.com\/en\/wp-json\/wp\/v2\/media\/242911"}],"wp:attachment":[{"href":"https:\/\/hospitalmoldearte.com\/en\/wp-json\/wp\/v2\/media?parent=242272"}],"wp:term":[{"taxonomy":"product_brand","embeddable":true,"href":"https:\/\/hospitalmoldearte.com\/en\/wp-json\/wp\/v2\/product_brand?post=242272"},{"taxonomy":"product_cat","embeddable":true,"href":"https:\/\/hospitalmoldearte.com\/en\/wp-json\/wp\/v2\/product_cat?post=242272"},{"taxonomy":"product_tag","embeddable":true,"href":"https:\/\/hospitalmoldearte.com\/en\/wp-json\/wp\/v2\/product_tag?post=242272"}],"curies":[{"name":"wp","href":"https:\/\/api.w.org\/{rel}","templated":true}]}}