{"id":242366,"date":"2024-11-12T12:12:41","date_gmt":"2024-11-12T20:12:41","guid":{"rendered":"https:\/\/hospitalmoldearte.com\/?post_type=product&#038;p=242366"},"modified":"2025-10-06T17:38:16","modified_gmt":"2025-10-07T00:38:16","slug":"toxina-botulinica-botox","status":"publish","type":"product","link":"https:\/\/hospitalmoldearte.com\/en\/product\/toxina-botulinica-botox\/","title":{"rendered":"TOXINA BOTUL\u00cdNICA BOTOX\u00ae"},"content":{"rendered":"<p><strong>\u00bfQui\u00e9n es candidato? \ud83d\udc69\u200d\u2695\ufe0f\ud83d\udc68\u200d\u2695\ufe0f<\/strong> El Botox\u00ae es ideal para hombres y mujeres que desean reducir l\u00edneas de expresi\u00f3n y arrugas finas, o prevenir su aparici\u00f3n en \u00e1reas que suelen mostrar signos de envejecimiento. Es perfecto para quienes buscan un rostro fresco y relajado sin necesidad de cirug\u00eda.<\/p>\n<p><strong>Beneficios del Botox\u00ae \ud83c\udf1f<\/strong><\/p>\n<ol>\n<li>\u2728 Suaviza arrugas y l\u00edneas de expresi\u00f3n de manera efectiva.<\/li>\n<li>\ud83d\udc86\u200d\u2640\ufe0f Relaja los m\u00fasculos faciales, dando un aspecto rejuvenecido.<\/li>\n<li>\ud83c\udf38 Previene la aparici\u00f3n de nuevas arrugas.<\/li>\n<li>\ud83d\udca7 Proporciona una apariencia descansada y fresca.<\/li>\n<li>\ud83c\udf3f Mejora la textura de la piel, dej\u00e1ndola suave y lisa.<\/li>\n<li>\ud83d\udd04 Resultados r\u00e1pidos y visibles en pocos d\u00edas.<\/li>\n<li>\ud83c\udf1e Efecto temporal que permite ajustes seg\u00fan tus necesidades.<\/li>\n<li>\ud83d\udcaa Ayuda a mantener la simetr\u00eda facial.<\/li>\n<li>\ud83e\uddd6\u200d\u2640\ufe0f No requiere tiempo de recuperaci\u00f3n, permitiendo retomar actividades.<\/li>\n<li>\ud83c\udf31 Ideal para un look natural, sin cambiar tu expresi\u00f3n.<\/li>\n<\/ol>\n<p>Con el tratamiento de toxina botul\u00ednica, disfruta de un rostro libre de arrugas, fresco y rejuvenecido. \u00a1Redescubre la suavidad en tu piel y luce una expresi\u00f3n radiante con resultados que resaltan tu belleza natural!<\/p>","protected":false},"excerpt":{"rendered":"<p>La Toxina Botul\u00ednica Botox\u00ae es un tratamiento que suaviza y previene arrugas y l\u00edneas de expresi\u00f3n, especialmente en \u00e1reas como el entrecejo, frente y alrededor de los ojos. Al relajar los m\u00fasculos faciales, el Botox ayuda a reducir la apariencia de las arrugas, ofreciendo un rostro rejuvenecido y una apariencia descansada sin perder naturalidad.<\/p>\n<h3>\u00bfQu\u00e9 incluye mi compra? \ud83e\udd14<\/h3>\n<p>Una aplicaci\u00f3n de Toxina Botul\u00ednica Botox\u00ae en frente, entrecejo y &#8220;patas de gallo&#8221;. <span class=\"fontstyle0\" style=\"color: #ff6600;\"><strong>*Cuenta con 30 d\u00edas para realizarse el tratamiento a partir de su compra<\/strong><\/span><\/p>\n<p>&nbsp;<\/p>","protected":false},"featured_media":242273,"template":"","meta":[],"product_brand":[],"product_cat":[118,132,133],"product_tag":[],"class_list":{"0":"post-242366","1":"product","2":"type-product","3":"status-publish","4":"has-post-thumbnail","6":"product_cat-medicina-estetica","7":"product_cat-relaja-y-atenua-lineas-de-expresion","8":"product_cat-toxina-botulinica","10":"first","11":"instock","12":"virtual","13":"purchasable","14":"product-type-simple"},"yoast_head":"<!-- This site is optimized with the Yoast SEO plugin v27.4 - https:\/\/yoast.com\/product\/yoast-seo-wordpress\/ -->\n<title>TOXINA BOTUL\u00cdNICA BOTOX\u00ae - MoldeClinik<\/title>\n<meta name=\"robots\" content=\"index, follow, max-snippet:-1, max-image-preview:large, max-video-preview:-1\" \/>\n<link rel=\"canonical\" href=\"https:\/\/hospitalmoldearte.com\/en\/product\/toxina-botulinica-botox\/\" \/>\n<meta property=\"og:locale\" content=\"en_US\" \/>\n<meta property=\"og:type\" content=\"article\" \/>\n<meta property=\"og:title\" content=\"TOXINA BOTUL\u00cdNICA BOTOX\u00ae - MoldeClinik\" \/>\n<meta property=\"og:description\" content=\"La Toxina Botul\u00ednica Botox\u00ae es un tratamiento que suaviza y previene arrugas y l\u00edneas de expresi\u00f3n, especialmente en \u00e1reas como el entrecejo, frente y alrededor de los ojos. Al relajar los m\u00fasculos faciales, el Botox ayuda a reducir la apariencia de las arrugas, ofreciendo un rostro rejuvenecido y una apariencia descansada sin perder naturalidad. \u00bfQu\u00e9 incluye mi compra? \ud83e\udd14 Una aplicaci\u00f3n de Toxina Botul\u00ednica Botox\u00ae en frente, entrecejo y &quot;patas de gallo&quot;. *Cuenta con 30 d\u00edas para realizarse el tratamiento a partir de su compra  &nbsp;\" \/>\n<meta property=\"og:url\" content=\"https:\/\/hospitalmoldearte.com\/en\/product\/toxina-botulinica-botox\/\" \/>\n<meta property=\"og:site_name\" content=\"MoldeClinik\" \/>\n<meta property=\"article:modified_time\" content=\"2025-10-07T00:38:16+00:00\" \/>\n<meta property=\"og:image\" content=\"https:\/\/hospitalmoldearte.com\/wp-content\/uploads\/2024\/11\/BOTOX.png\" \/>\n\t<meta property=\"og:image:width\" content=\"1080\" \/>\n\t<meta property=\"og:image:height\" content=\"1080\" \/>\n\t<meta property=\"og:image:type\" content=\"image\/png\" \/>\n<meta name=\"twitter:card\" content=\"summary_large_image\" \/>\n<meta name=\"twitter:label1\" content=\"Est. reading time\" \/>\n\t<meta name=\"twitter:data1\" content=\"1 minute\" \/>\n<script type=\"application\/ld+json\" class=\"yoast-schema-graph\">{\"@context\":\"https:\\\/\\\/schema.org\",\"@graph\":[{\"@type\":\"WebPage\",\"@id\":\"https:\\\/\\\/hospitalmoldearte.com\\\/producto\\\/toxina-botulinica-botox\\\/\",\"url\":\"https:\\\/\\\/hospitalmoldearte.com\\\/producto\\\/toxina-botulinica-botox\\\/\",\"name\":\"TOXINA BOTUL\u00cdNICA BOTOX\u00ae - MoldeClinik\",\"isPartOf\":{\"@id\":\"https:\\\/\\\/hospitalmoldearte.com\\\/#website\"},\"primaryImageOfPage\":{\"@id\":\"https:\\\/\\\/hospitalmoldearte.com\\\/producto\\\/toxina-botulinica-botox\\\/#primaryimage\"},\"image\":{\"@id\":\"https:\\\/\\\/hospitalmoldearte.com\\\/producto\\\/toxina-botulinica-botox\\\/#primaryimage\"},\"thumbnailUrl\":\"https:\\\/\\\/hospitalmoldearte.com\\\/wp-content\\\/uploads\\\/2024\\\/11\\\/BOTOX.png\",\"datePublished\":\"2024-11-12T20:12:41+00:00\",\"dateModified\":\"2025-10-07T00:38:16+00:00\",\"breadcrumb\":{\"@id\":\"https:\\\/\\\/hospitalmoldearte.com\\\/producto\\\/toxina-botulinica-botox\\\/#breadcrumb\"},\"inLanguage\":\"en-US\",\"potentialAction\":[{\"@type\":\"ReadAction\",\"target\":[\"https:\\\/\\\/hospitalmoldearte.com\\\/producto\\\/toxina-botulinica-botox\\\/\"]}]},{\"@type\":\"ImageObject\",\"inLanguage\":\"en-US\",\"@id\":\"https:\\\/\\\/hospitalmoldearte.com\\\/producto\\\/toxina-botulinica-botox\\\/#primaryimage\",\"url\":\"https:\\\/\\\/hospitalmoldearte.com\\\/wp-content\\\/uploads\\\/2024\\\/11\\\/BOTOX.png\",\"contentUrl\":\"https:\\\/\\\/hospitalmoldearte.com\\\/wp-content\\\/uploads\\\/2024\\\/11\\\/BOTOX.png\",\"width\":1080,\"height\":1080},{\"@type\":\"BreadcrumbList\",\"@id\":\"https:\\\/\\\/hospitalmoldearte.com\\\/producto\\\/toxina-botulinica-botox\\\/#breadcrumb\",\"itemListElement\":[{\"@type\":\"ListItem\",\"position\":1,\"name\":\"Home\",\"item\":\"https:\\\/\\\/hospitalmoldearte.com\\\/\"},{\"@type\":\"ListItem\",\"position\":2,\"name\":\"Nuestros servicios\",\"item\":\"https:\\\/\\\/hospitalmoldearte.com\\\/tienda\\\/\"},{\"@type\":\"ListItem\",\"position\":3,\"name\":\"TOXINA BOTUL\u00cdNICA BOTOX\u00ae\"}]},{\"@type\":\"WebSite\",\"@id\":\"https:\\\/\\\/hospitalmoldearte.com\\\/#website\",\"url\":\"https:\\\/\\\/hospitalmoldearte.com\\\/\",\"name\":\"MoldeClinik\",\"description\":\"Bariatric &amp; Plastic Surgery\",\"publisher\":{\"@id\":\"https:\\\/\\\/hospitalmoldearte.com\\\/#organization\"},\"potentialAction\":[{\"@type\":\"SearchAction\",\"target\":{\"@type\":\"EntryPoint\",\"urlTemplate\":\"https:\\\/\\\/hospitalmoldearte.com\\\/?s={search_term_string}\"},\"query-input\":{\"@type\":\"PropertyValueSpecification\",\"valueRequired\":true,\"valueName\":\"search_term_string\"}}],\"inLanguage\":\"en-US\"},{\"@type\":\"Organization\",\"@id\":\"https:\\\/\\\/hospitalmoldearte.com\\\/#organization\",\"name\":\"MoldeClinik\",\"url\":\"https:\\\/\\\/hospitalmoldearte.com\\\/\",\"logo\":{\"@type\":\"ImageObject\",\"inLanguage\":\"en-US\",\"@id\":\"https:\\\/\\\/hospitalmoldearte.com\\\/#\\\/schema\\\/logo\\\/image\\\/\",\"url\":\"https:\\\/\\\/hospitalmoldearte.com\\\/wp-content\\\/uploads\\\/2023\\\/03\\\/LOGO-BLANCO-e1678751607233.png\",\"contentUrl\":\"https:\\\/\\\/hospitalmoldearte.com\\\/wp-content\\\/uploads\\\/2023\\\/03\\\/LOGO-BLANCO-e1678751607233.png\",\"width\":250,\"height\":81,\"caption\":\"MoldeClinik\"},\"image\":{\"@id\":\"https:\\\/\\\/hospitalmoldearte.com\\\/#\\\/schema\\\/logo\\\/image\\\/\"}}]}<\/script>\n<!-- \/ Yoast SEO plugin. -->","yoast_head_json":{"title":"TOXINA BOTUL\u00cdNICA BOTOX\u00ae - MoldeClinik","robots":{"index":"index","follow":"follow","max-snippet":"max-snippet:-1","max-image-preview":"max-image-preview:large","max-video-preview":"max-video-preview:-1"},"canonical":"https:\/\/hospitalmoldearte.com\/en\/product\/toxina-botulinica-botox\/","og_locale":"en_US","og_type":"article","og_title":"TOXINA BOTUL\u00cdNICA BOTOX\u00ae - MoldeClinik","og_description":"La Toxina Botul\u00ednica Botox\u00ae es un tratamiento que suaviza y previene arrugas y l\u00edneas de expresi\u00f3n, especialmente en \u00e1reas como el entrecejo, frente y alrededor de los ojos. Al relajar los m\u00fasculos faciales, el Botox ayuda a reducir la apariencia de las arrugas, ofreciendo un rostro rejuvenecido y una apariencia descansada sin perder naturalidad. \u00bfQu\u00e9 incluye mi compra? \ud83e\udd14 Una aplicaci\u00f3n de Toxina Botul\u00ednica Botox\u00ae en frente, entrecejo y \"patas de gallo\". *Cuenta con 30 d\u00edas para realizarse el tratamiento a partir de su compra  &nbsp;","og_url":"https:\/\/hospitalmoldearte.com\/en\/product\/toxina-botulinica-botox\/","og_site_name":"MoldeClinik","article_modified_time":"2025-10-07T00:38:16+00:00","og_image":[{"width":1080,"height":1080,"url":"https:\/\/hospitalmoldearte.com\/wp-content\/uploads\/2024\/11\/BOTOX.png","type":"image\/png"}],"twitter_card":"summary_large_image","twitter_misc":{"Est. reading time":"1 minute"},"schema":{"@context":"https:\/\/schema.org","@graph":[{"@type":"WebPage","@id":"https:\/\/hospitalmoldearte.com\/producto\/toxina-botulinica-botox\/","url":"https:\/\/hospitalmoldearte.com\/producto\/toxina-botulinica-botox\/","name":"TOXINA BOTUL\u00cdNICA BOTOX\u00ae - MoldeClinik","isPartOf":{"@id":"https:\/\/hospitalmoldearte.com\/#website"},"primaryImageOfPage":{"@id":"https:\/\/hospitalmoldearte.com\/producto\/toxina-botulinica-botox\/#primaryimage"},"image":{"@id":"https:\/\/hospitalmoldearte.com\/producto\/toxina-botulinica-botox\/#primaryimage"},"thumbnailUrl":"https:\/\/hospitalmoldearte.com\/wp-content\/uploads\/2024\/11\/BOTOX.png","datePublished":"2024-11-12T20:12:41+00:00","dateModified":"2025-10-07T00:38:16+00:00","breadcrumb":{"@id":"https:\/\/hospitalmoldearte.com\/producto\/toxina-botulinica-botox\/#breadcrumb"},"inLanguage":"en-US","potentialAction":[{"@type":"ReadAction","target":["https:\/\/hospitalmoldearte.com\/producto\/toxina-botulinica-botox\/"]}]},{"@type":"ImageObject","inLanguage":"en-US","@id":"https:\/\/hospitalmoldearte.com\/producto\/toxina-botulinica-botox\/#primaryimage","url":"https:\/\/hospitalmoldearte.com\/wp-content\/uploads\/2024\/11\/BOTOX.png","contentUrl":"https:\/\/hospitalmoldearte.com\/wp-content\/uploads\/2024\/11\/BOTOX.png","width":1080,"height":1080},{"@type":"BreadcrumbList","@id":"https:\/\/hospitalmoldearte.com\/producto\/toxina-botulinica-botox\/#breadcrumb","itemListElement":[{"@type":"ListItem","position":1,"name":"Home","item":"https:\/\/hospitalmoldearte.com\/"},{"@type":"ListItem","position":2,"name":"Nuestros servicios","item":"https:\/\/hospitalmoldearte.com\/tienda\/"},{"@type":"ListItem","position":3,"name":"TOXINA BOTUL\u00cdNICA BOTOX\u00ae"}]},{"@type":"WebSite","@id":"https:\/\/hospitalmoldearte.com\/#website","url":"https:\/\/hospitalmoldearte.com\/","name":"MoldeClinik","description":"Bariatric &amp; Plastic Surgery","publisher":{"@id":"https:\/\/hospitalmoldearte.com\/#organization"},"potentialAction":[{"@type":"SearchAction","target":{"@type":"EntryPoint","urlTemplate":"https:\/\/hospitalmoldearte.com\/?s={search_term_string}"},"query-input":{"@type":"PropertyValueSpecification","valueRequired":true,"valueName":"search_term_string"}}],"inLanguage":"en-US"},{"@type":"Organization","@id":"https:\/\/hospitalmoldearte.com\/#organization","name":"MoldeClinik","url":"https:\/\/hospitalmoldearte.com\/","logo":{"@type":"ImageObject","inLanguage":"en-US","@id":"https:\/\/hospitalmoldearte.com\/#\/schema\/logo\/image\/","url":"https:\/\/hospitalmoldearte.com\/wp-content\/uploads\/2023\/03\/LOGO-BLANCO-e1678751607233.png","contentUrl":"https:\/\/hospitalmoldearte.com\/wp-content\/uploads\/2023\/03\/LOGO-BLANCO-e1678751607233.png","width":250,"height":81,"caption":"MoldeClinik"},"image":{"@id":"https:\/\/hospitalmoldearte.com\/#\/schema\/logo\/image\/"}}]}},"_links":{"self":[{"href":"https:\/\/hospitalmoldearte.com\/en\/wp-json\/wp\/v2\/product\/242366","targetHints":{"allow":["GET"]}}],"collection":[{"href":"https:\/\/hospitalmoldearte.com\/en\/wp-json\/wp\/v2\/product"}],"about":[{"href":"https:\/\/hospitalmoldearte.com\/en\/wp-json\/wp\/v2\/types\/product"}],"wp:featuredmedia":[{"embeddable":true,"href":"https:\/\/hospitalmoldearte.com\/en\/wp-json\/wp\/v2\/media\/242273"}],"wp:attachment":[{"href":"https:\/\/hospitalmoldearte.com\/en\/wp-json\/wp\/v2\/media?parent=242366"}],"wp:term":[{"taxonomy":"product_brand","embeddable":true,"href":"https:\/\/hospitalmoldearte.com\/en\/wp-json\/wp\/v2\/product_brand?post=242366"},{"taxonomy":"product_cat","embeddable":true,"href":"https:\/\/hospitalmoldearte.com\/en\/wp-json\/wp\/v2\/product_cat?post=242366"},{"taxonomy":"product_tag","embeddable":true,"href":"https:\/\/hospitalmoldearte.com\/en\/wp-json\/wp\/v2\/product_tag?post=242366"}],"curies":[{"name":"wp","href":"https:\/\/api.w.org\/{rel}","templated":true}]}}