{"id":242614,"date":"2025-02-24T14:37:29","date_gmt":"2025-02-24T22:37:29","guid":{"rendered":"https:\/\/hospitalmoldearte.com\/?post_type=product&#038;p=242614"},"modified":"2026-04-17T15:27:13","modified_gmt":"2026-04-17T22:27:13","slug":"crecimiento-acelerado-musculo-peptona","status":"publish","type":"product","link":"https:\/\/hospitalmoldearte.com\/en\/product\/crecimiento-acelerado-musculo-peptona\/","title":{"rendered":"CRECIMIENTO ACELERADO DEL M\u00daSCULO"},"content":{"rendered":"<p><strong>\u00bfQui\u00e9n es candidato? \ud83d\udc69\u200d\u2695\ufe0f\ud83d\udc68\u200d\u2695\ufe0f<\/strong> Este tratamiento es perfecto para hombres y mujeres que desean un aumento sutil y natural en los abdomen y brazos, mejorar la firmeza, o corregir peque\u00f1as irregularidades en el contorno. Es ideal para quienes desean una figura m\u00e1s definida y tonificada, sin pasar por cirug\u00eda.<\/p>\n<p><strong>Beneficios de la Peptona MCL en Tr\u00edceps o B\u00edceps, abdomen \ud83c\udf1f<\/strong><\/p>\n<ol>\n<li>\ud83c\udf51 Aumenta el volumen del m\u00fasculo de manera natural.<\/li>\n<li>\ud83d\udcaa Mejora la firmeza y tonicidad en la zona.<\/li>\n<li>\u2728 Estimula la producci\u00f3n de col\u00e1geno para un efecto duradero.<\/li>\n<li>\ud83c\udf31 Define y realza el contorno de los brazos y\/o abdomen.<\/li>\n<li>\ud83d\udca7 Hidrata y revitaliza la piel.<\/li>\n<li>\ud83c\udf38 Mejora la textura, dejando la piel suave y uniforme.<\/li>\n<li>\ud83d\udd04 Resultados progresivos que se integran naturalmente.<\/li>\n<li>\ud83d\udc86\u200d\u2640\ufe0f Aumenta la elasticidad y resistencia de la piel.<\/li>\n<li>\ud83e\uddd6\u200d\u2640\ufe0f Sin cicatrices ni tiempo de recuperaci\u00f3n prolongado.<\/li>\n<li>\ud83c\udf3f Resultados visibles y duraderos con un aspecto natural.<\/li>\n<\/ol>\n<p>Con la Peptona MCL en Tr\u00edceps o B\u00edceps, abdomen, alcanza el volumen y la firmeza que siempre has deseado, logrando una figura armoniosa y tonificada de manera segura y natural.<\/p>","protected":false},"excerpt":{"rendered":"<p>La Peptona MCL es un tratamiento est\u00e9tico dise\u00f1ado para aumentar y reafirmar el m\u00fasculo de manera natural y progresiva. Esta innovadora t\u00e9cnica utiliza prote\u00ednas bioactivas que estimulan la regeneraci\u00f3n celular y la producci\u00f3n de col\u00e1geno, mejorando la textura, tonicidad y volumen en la zona. Ideal para quienes buscan realzar y tonificar sus curvas sin necesidad de procedimientos invasivos.<\/p>\n<h3>\u00bfQu\u00e9 incluye mi compra? \ud83e\udd14<\/h3>\n<p>Una aplicaci\u00f3n de Peptona MCL\u00ae en una zona. <span style=\"color: #3366ff;\"><strong>\ud83d\udcb8 Precio pagando en efectivo en sucursal: $2,500 MXN. (v\u00e1lido hasta el 30 de abril del 2026)<\/strong><\/span><br \/>\n<span class=\"fontstyle0\" style=\"color: #ff6600;\"><strong>*Cuenta con 30 d\u00edas para realizarse el tratamiento a partir de su compra<\/strong><\/span><\/p>","protected":false},"featured_media":242937,"template":"","meta":[],"product_brand":[],"product_cat":[124,118,135],"product_tag":[],"class_list":{"0":"post-242614","1":"product","2":"type-product","3":"status-publish","4":"has-post-thumbnail","6":"product_cat-corporales-medicos","7":"product_cat-medicina-estetica","8":"product_cat-sale","10":"first","11":"instock","12":"sale","13":"virtual","14":"purchasable","15":"product-type-simple"},"yoast_head":"<!-- This site is optimized with the Yoast SEO plugin v27.4 - https:\/\/yoast.com\/product\/yoast-seo-wordpress\/ -->\n<title>CRECIMIENTO ACELERADO DEL M\u00daSCULO - MoldeClinik<\/title>\n<meta name=\"robots\" content=\"index, follow, max-snippet:-1, max-image-preview:large, max-video-preview:-1\" \/>\n<link rel=\"canonical\" href=\"https:\/\/hospitalmoldearte.com\/en\/product\/crecimiento-acelerado-musculo-peptona\/\" \/>\n<meta property=\"og:locale\" content=\"en_US\" \/>\n<meta property=\"og:type\" content=\"article\" \/>\n<meta property=\"og:title\" content=\"CRECIMIENTO ACELERADO DEL M\u00daSCULO - MoldeClinik\" \/>\n<meta property=\"og:description\" content=\"La Peptona MCL es un tratamiento est\u00e9tico dise\u00f1ado para aumentar y reafirmar el m\u00fasculo de manera natural y progresiva. Esta innovadora t\u00e9cnica utiliza prote\u00ednas bioactivas que estimulan la regeneraci\u00f3n celular y la producci\u00f3n de col\u00e1geno, mejorando la textura, tonicidad y volumen en la zona. Ideal para quienes buscan realzar y tonificar sus curvas sin necesidad de procedimientos invasivos. \u00bfQu\u00e9 incluye mi compra? \ud83e\udd14 Una aplicaci\u00f3n de Peptona MCL\u00ae en una zona. \ud83d\udcb8 Precio pagando en efectivo en sucursal: $2,500 MXN. (v\u00e1lido hasta el 30 de abril del 2026) *Cuenta con 30 d\u00edas para realizarse el tratamiento a partir de su compra\" \/>\n<meta property=\"og:url\" content=\"https:\/\/hospitalmoldearte.com\/en\/product\/crecimiento-acelerado-musculo-peptona\/\" \/>\n<meta property=\"og:site_name\" content=\"MoldeClinik\" \/>\n<meta property=\"article:modified_time\" content=\"2026-04-17T22:27:13+00:00\" \/>\n<meta property=\"og:image\" content=\"https:\/\/hospitalmoldearte.com\/wp-content\/uploads\/2025\/12\/PEPTONA-MCL.jpg\" \/>\n\t<meta property=\"og:image:width\" content=\"1080\" \/>\n\t<meta property=\"og:image:height\" content=\"1080\" \/>\n\t<meta property=\"og:image:type\" content=\"image\/jpeg\" \/>\n<meta name=\"twitter:card\" content=\"summary_large_image\" \/>\n<meta name=\"twitter:label1\" content=\"Est. reading time\" \/>\n\t<meta name=\"twitter:data1\" content=\"2 minutes\" \/>\n<script type=\"application\/ld+json\" class=\"yoast-schema-graph\">{\"@context\":\"https:\\\/\\\/schema.org\",\"@graph\":[{\"@type\":\"WebPage\",\"@id\":\"https:\\\/\\\/hospitalmoldearte.com\\\/producto\\\/crecimiento-acelerado-musculo-peptona\\\/\",\"url\":\"https:\\\/\\\/hospitalmoldearte.com\\\/producto\\\/crecimiento-acelerado-musculo-peptona\\\/\",\"name\":\"CRECIMIENTO ACELERADO DEL M\u00daSCULO - MoldeClinik\",\"isPartOf\":{\"@id\":\"https:\\\/\\\/hospitalmoldearte.com\\\/#website\"},\"primaryImageOfPage\":{\"@id\":\"https:\\\/\\\/hospitalmoldearte.com\\\/producto\\\/crecimiento-acelerado-musculo-peptona\\\/#primaryimage\"},\"image\":{\"@id\":\"https:\\\/\\\/hospitalmoldearte.com\\\/producto\\\/crecimiento-acelerado-musculo-peptona\\\/#primaryimage\"},\"thumbnailUrl\":\"https:\\\/\\\/hospitalmoldearte.com\\\/wp-content\\\/uploads\\\/2025\\\/12\\\/PEPTONA-MCL.jpg\",\"datePublished\":\"2025-02-24T22:37:29+00:00\",\"dateModified\":\"2026-04-17T22:27:13+00:00\",\"breadcrumb\":{\"@id\":\"https:\\\/\\\/hospitalmoldearte.com\\\/producto\\\/crecimiento-acelerado-musculo-peptona\\\/#breadcrumb\"},\"inLanguage\":\"en-US\",\"potentialAction\":[{\"@type\":\"ReadAction\",\"target\":[\"https:\\\/\\\/hospitalmoldearte.com\\\/producto\\\/crecimiento-acelerado-musculo-peptona\\\/\"]}]},{\"@type\":\"ImageObject\",\"inLanguage\":\"en-US\",\"@id\":\"https:\\\/\\\/hospitalmoldearte.com\\\/producto\\\/crecimiento-acelerado-musculo-peptona\\\/#primaryimage\",\"url\":\"https:\\\/\\\/hospitalmoldearte.com\\\/wp-content\\\/uploads\\\/2025\\\/12\\\/PEPTONA-MCL.jpg\",\"contentUrl\":\"https:\\\/\\\/hospitalmoldearte.com\\\/wp-content\\\/uploads\\\/2025\\\/12\\\/PEPTONA-MCL.jpg\",\"width\":1080,\"height\":1080},{\"@type\":\"BreadcrumbList\",\"@id\":\"https:\\\/\\\/hospitalmoldearte.com\\\/producto\\\/crecimiento-acelerado-musculo-peptona\\\/#breadcrumb\",\"itemListElement\":[{\"@type\":\"ListItem\",\"position\":1,\"name\":\"Home\",\"item\":\"https:\\\/\\\/hospitalmoldearte.com\\\/\"},{\"@type\":\"ListItem\",\"position\":2,\"name\":\"Nuestros servicios\",\"item\":\"https:\\\/\\\/hospitalmoldearte.com\\\/tienda\\\/\"},{\"@type\":\"ListItem\",\"position\":3,\"name\":\"CRECIMIENTO ACELERADO DEL M\u00daSCULO\"}]},{\"@type\":\"WebSite\",\"@id\":\"https:\\\/\\\/hospitalmoldearte.com\\\/#website\",\"url\":\"https:\\\/\\\/hospitalmoldearte.com\\\/\",\"name\":\"MoldeClinik\",\"description\":\"Bariatric &amp; Plastic Surgery\",\"publisher\":{\"@id\":\"https:\\\/\\\/hospitalmoldearte.com\\\/#organization\"},\"potentialAction\":[{\"@type\":\"SearchAction\",\"target\":{\"@type\":\"EntryPoint\",\"urlTemplate\":\"https:\\\/\\\/hospitalmoldearte.com\\\/?s={search_term_string}\"},\"query-input\":{\"@type\":\"PropertyValueSpecification\",\"valueRequired\":true,\"valueName\":\"search_term_string\"}}],\"inLanguage\":\"en-US\"},{\"@type\":\"Organization\",\"@id\":\"https:\\\/\\\/hospitalmoldearte.com\\\/#organization\",\"name\":\"MoldeClinik\",\"url\":\"https:\\\/\\\/hospitalmoldearte.com\\\/\",\"logo\":{\"@type\":\"ImageObject\",\"inLanguage\":\"en-US\",\"@id\":\"https:\\\/\\\/hospitalmoldearte.com\\\/#\\\/schema\\\/logo\\\/image\\\/\",\"url\":\"https:\\\/\\\/hospitalmoldearte.com\\\/wp-content\\\/uploads\\\/2023\\\/03\\\/LOGO-BLANCO-e1678751607233.png\",\"contentUrl\":\"https:\\\/\\\/hospitalmoldearte.com\\\/wp-content\\\/uploads\\\/2023\\\/03\\\/LOGO-BLANCO-e1678751607233.png\",\"width\":250,\"height\":81,\"caption\":\"MoldeClinik\"},\"image\":{\"@id\":\"https:\\\/\\\/hospitalmoldearte.com\\\/#\\\/schema\\\/logo\\\/image\\\/\"}}]}<\/script>\n<!-- \/ Yoast SEO plugin. -->","yoast_head_json":{"title":"CRECIMIENTO ACELERADO DEL M\u00daSCULO - MoldeClinik","robots":{"index":"index","follow":"follow","max-snippet":"max-snippet:-1","max-image-preview":"max-image-preview:large","max-video-preview":"max-video-preview:-1"},"canonical":"https:\/\/hospitalmoldearte.com\/en\/product\/crecimiento-acelerado-musculo-peptona\/","og_locale":"en_US","og_type":"article","og_title":"CRECIMIENTO ACELERADO DEL M\u00daSCULO - MoldeClinik","og_description":"La Peptona MCL es un tratamiento est\u00e9tico dise\u00f1ado para aumentar y reafirmar el m\u00fasculo de manera natural y progresiva. Esta innovadora t\u00e9cnica utiliza prote\u00ednas bioactivas que estimulan la regeneraci\u00f3n celular y la producci\u00f3n de col\u00e1geno, mejorando la textura, tonicidad y volumen en la zona. Ideal para quienes buscan realzar y tonificar sus curvas sin necesidad de procedimientos invasivos. \u00bfQu\u00e9 incluye mi compra? \ud83e\udd14 Una aplicaci\u00f3n de Peptona MCL\u00ae en una zona. \ud83d\udcb8 Precio pagando en efectivo en sucursal: $2,500 MXN. (v\u00e1lido hasta el 30 de abril del 2026) *Cuenta con 30 d\u00edas para realizarse el tratamiento a partir de su compra","og_url":"https:\/\/hospitalmoldearte.com\/en\/product\/crecimiento-acelerado-musculo-peptona\/","og_site_name":"MoldeClinik","article_modified_time":"2026-04-17T22:27:13+00:00","og_image":[{"width":1080,"height":1080,"url":"https:\/\/hospitalmoldearte.com\/wp-content\/uploads\/2025\/12\/PEPTONA-MCL.jpg","type":"image\/jpeg"}],"twitter_card":"summary_large_image","twitter_misc":{"Est. reading time":"2 minutes"},"schema":{"@context":"https:\/\/schema.org","@graph":[{"@type":"WebPage","@id":"https:\/\/hospitalmoldearte.com\/producto\/crecimiento-acelerado-musculo-peptona\/","url":"https:\/\/hospitalmoldearte.com\/producto\/crecimiento-acelerado-musculo-peptona\/","name":"CRECIMIENTO ACELERADO DEL M\u00daSCULO - MoldeClinik","isPartOf":{"@id":"https:\/\/hospitalmoldearte.com\/#website"},"primaryImageOfPage":{"@id":"https:\/\/hospitalmoldearte.com\/producto\/crecimiento-acelerado-musculo-peptona\/#primaryimage"},"image":{"@id":"https:\/\/hospitalmoldearte.com\/producto\/crecimiento-acelerado-musculo-peptona\/#primaryimage"},"thumbnailUrl":"https:\/\/hospitalmoldearte.com\/wp-content\/uploads\/2025\/12\/PEPTONA-MCL.jpg","datePublished":"2025-02-24T22:37:29+00:00","dateModified":"2026-04-17T22:27:13+00:00","breadcrumb":{"@id":"https:\/\/hospitalmoldearte.com\/producto\/crecimiento-acelerado-musculo-peptona\/#breadcrumb"},"inLanguage":"en-US","potentialAction":[{"@type":"ReadAction","target":["https:\/\/hospitalmoldearte.com\/producto\/crecimiento-acelerado-musculo-peptona\/"]}]},{"@type":"ImageObject","inLanguage":"en-US","@id":"https:\/\/hospitalmoldearte.com\/producto\/crecimiento-acelerado-musculo-peptona\/#primaryimage","url":"https:\/\/hospitalmoldearte.com\/wp-content\/uploads\/2025\/12\/PEPTONA-MCL.jpg","contentUrl":"https:\/\/hospitalmoldearte.com\/wp-content\/uploads\/2025\/12\/PEPTONA-MCL.jpg","width":1080,"height":1080},{"@type":"BreadcrumbList","@id":"https:\/\/hospitalmoldearte.com\/producto\/crecimiento-acelerado-musculo-peptona\/#breadcrumb","itemListElement":[{"@type":"ListItem","position":1,"name":"Home","item":"https:\/\/hospitalmoldearte.com\/"},{"@type":"ListItem","position":2,"name":"Nuestros servicios","item":"https:\/\/hospitalmoldearte.com\/tienda\/"},{"@type":"ListItem","position":3,"name":"CRECIMIENTO ACELERADO DEL M\u00daSCULO"}]},{"@type":"WebSite","@id":"https:\/\/hospitalmoldearte.com\/#website","url":"https:\/\/hospitalmoldearte.com\/","name":"MoldeClinik","description":"Bariatric &amp; Plastic Surgery","publisher":{"@id":"https:\/\/hospitalmoldearte.com\/#organization"},"potentialAction":[{"@type":"SearchAction","target":{"@type":"EntryPoint","urlTemplate":"https:\/\/hospitalmoldearte.com\/?s={search_term_string}"},"query-input":{"@type":"PropertyValueSpecification","valueRequired":true,"valueName":"search_term_string"}}],"inLanguage":"en-US"},{"@type":"Organization","@id":"https:\/\/hospitalmoldearte.com\/#organization","name":"MoldeClinik","url":"https:\/\/hospitalmoldearte.com\/","logo":{"@type":"ImageObject","inLanguage":"en-US","@id":"https:\/\/hospitalmoldearte.com\/#\/schema\/logo\/image\/","url":"https:\/\/hospitalmoldearte.com\/wp-content\/uploads\/2023\/03\/LOGO-BLANCO-e1678751607233.png","contentUrl":"https:\/\/hospitalmoldearte.com\/wp-content\/uploads\/2023\/03\/LOGO-BLANCO-e1678751607233.png","width":250,"height":81,"caption":"MoldeClinik"},"image":{"@id":"https:\/\/hospitalmoldearte.com\/#\/schema\/logo\/image\/"}}]}},"_links":{"self":[{"href":"https:\/\/hospitalmoldearte.com\/en\/wp-json\/wp\/v2\/product\/242614","targetHints":{"allow":["GET"]}}],"collection":[{"href":"https:\/\/hospitalmoldearte.com\/en\/wp-json\/wp\/v2\/product"}],"about":[{"href":"https:\/\/hospitalmoldearte.com\/en\/wp-json\/wp\/v2\/types\/product"}],"wp:featuredmedia":[{"embeddable":true,"href":"https:\/\/hospitalmoldearte.com\/en\/wp-json\/wp\/v2\/media\/242937"}],"wp:attachment":[{"href":"https:\/\/hospitalmoldearte.com\/en\/wp-json\/wp\/v2\/media?parent=242614"}],"wp:term":[{"taxonomy":"product_brand","embeddable":true,"href":"https:\/\/hospitalmoldearte.com\/en\/wp-json\/wp\/v2\/product_brand?post=242614"},{"taxonomy":"product_cat","embeddable":true,"href":"https:\/\/hospitalmoldearte.com\/en\/wp-json\/wp\/v2\/product_cat?post=242614"},{"taxonomy":"product_tag","embeddable":true,"href":"https:\/\/hospitalmoldearte.com\/en\/wp-json\/wp\/v2\/product_tag?post=242614"}],"curies":[{"name":"wp","href":"https:\/\/api.w.org\/{rel}","templated":true}]}}