{"id":242830,"date":"2025-11-04T16:20:37","date_gmt":"2025-11-05T00:20:37","guid":{"rendered":"https:\/\/hospitalmoldearte.com\/?post_type=product&#038;p=242830"},"modified":"2026-05-07T13:17:12","modified_gmt":"2026-05-07T20:17:12","slug":"levair-salmon-reafirmante-pdrn-pn","status":"publish","type":"product","link":"https:\/\/hospitalmoldearte.com\/en\/product\/levair-salmon-reafirmante-pdrn-pn\/","title":{"rendered":"LEVAIR SALMON\u00ae REAFIRMANTE (PDRN+PN)"},"content":{"rendered":"<p data-start=\"488\" data-end=\"719\"><strong data-start=\"488\" data-end=\"523\">\u00bfQui\u00e9n es candidato? \ud83d\udc69\u200d\u2695\ufe0f\ud83d\udc68\u200d\u2695\ufe0f<\/strong><br data-start=\"523\" data-end=\"526\" \/>Este tratamiento es ideal para personas que buscan mejorar la firmeza y tonicidad de la piel, reducir flacidez facial o corporal y recuperar la elasticidad perdida por el paso del tiempo. Tambi\u00e9n es perfecto para quienes desean una piel m\u00e1s hidratada, luminosa y visiblemente rejuvenecida sin recurrir a procedimientos invasivos.<\/p>\n<p data-start=\"721\" data-end=\"792\"><strong data-start=\"721\" data-end=\"790\">10 Beneficios de Leviar Salm\u00f3n\u00ae Reafirmante \ud83c\udf1f<\/strong><\/p>\n<ol data-start=\"793\" data-end=\"1417\">\n<li data-start=\"946\" data-end=\"1007\">\n<p data-start=\"949\" data-end=\"1007\">\u2728 <strong data-start=\"951\" data-end=\"1005\">Reafirma la piel, mejorando su tono y elasticidad.<\/strong><\/p>\n<\/li>\n<li data-start=\"946\" data-end=\"1007\">\n<p data-start=\"949\" data-end=\"1007\">\ud83d\udca7 <strong data-start=\"1014\" data-end=\"1057\">Aporta hidrataci\u00f3n profunda y duradera.<\/strong><\/p>\n<\/li>\n<li data-start=\"1060\" data-end=\"1126\">\n<p data-start=\"1063\" data-end=\"1126\">\ud83c\udf38 <strong data-start=\"1066\" data-end=\"1124\">Estimula la producci\u00f3n natural de col\u00e1geno y elastina.<\/strong><\/p>\n<\/li>\n<li data-start=\"1127\" data-end=\"1196\">\n<p data-start=\"1130\" data-end=\"1196\">\ud83c\udf3f <strong data-start=\"1133\" data-end=\"1194\">Favorece la regeneraci\u00f3n celular y la reparaci\u00f3n tisular.<\/strong><\/p>\n<\/li>\n<li data-start=\"1197\" data-end=\"1267\">\n<p data-start=\"1200\" data-end=\"1267\">\ud83d\udd04 <strong data-start=\"1203\" data-end=\"1265\">Reduce la flacidez facial y corporal de manera progresiva.<\/strong><\/p>\n<\/li>\n<li data-start=\"1268\" data-end=\"1330\">\n<p data-start=\"1271\" data-end=\"1330\">\ud83c\udf1e <strong data-start=\"1274\" data-end=\"1328\">Proporciona un aspecto m\u00e1s firme, liso y luminoso.<\/strong><\/p>\n<\/li>\n<li data-start=\"1331\" data-end=\"1395\">\n<p data-start=\"1334\" data-end=\"1395\">\ud83d\udc86\u200d\u2640\ufe0f <strong data-start=\"1340\" data-end=\"1393\">Disminuye los signos visibles del envejecimiento.<\/strong><\/p>\n<\/li>\n<li data-start=\"1396\" data-end=\"1468\">\n<p data-start=\"1399\" data-end=\"1468\">\ud83c\udf31 <strong data-start=\"1402\" data-end=\"1466\">Unifica la textura de la piel, haci\u00e9ndola m\u00e1s suave y tersa.<\/strong><\/p>\n<\/li>\n<li data-start=\"1469\" data-end=\"1528\">\n<p data-start=\"1472\" data-end=\"1528\">\ud83e\uddd6\u200d\u2640\ufe0f <strong data-start=\"1478\" data-end=\"1526\">Resultados naturales, arm\u00f3nicos y duraderos.<\/strong><\/p>\n<\/li>\n<li data-start=\"1529\" data-end=\"1605\">\n<p data-start=\"1533\" data-end=\"1605\">\ud83d\udcab <strong data-start=\"1536\" data-end=\"1603\">Aumenta la confianza al lucir una piel rejuvenecida y radiante.<\/strong><\/p>\n<\/li>\n<\/ol>\n<article class=\"text-token-text-primary w-full focus:outline-none [--shadow-height:45px] has-data-writing-block:pointer-events-none has-data-writing-block:-mt-(--shadow-height) has-data-writing-block:pt-(--shadow-height) [&amp;:has([data-writing-block])&gt;*]:pointer-events-auto [content-visibility:auto] supports-[content-visibility:auto]:[contain-intrinsic-size:auto_100lvh] scroll-mt-[calc(var(--header-height)+min(200px,max(70px,20svh)))]\" dir=\"auto\" tabindex=\"-1\" data-turn-id=\"08656543-5fc8-44aa-939c-8f555d427177\" data-testid=\"conversation-turn-138\" data-scroll-anchor=\"true\" data-turn=\"assistant\">\n<div class=\"text-base my-auto mx-auto pb-10 [--thread-content-margin:--spacing(4)] thread-sm:[--thread-content-margin:--spacing(6)] thread-lg:[--thread-content-margin:--spacing(16)] px-(--thread-content-margin)\">\n<div class=\"[--thread-content-max-width:40rem] thread-lg:[--thread-content-max-width:48rem] mx-auto max-w-(--thread-content-max-width) flex-1 group\/turn-messages focus-visible:outline-hidden relative flex w-full min-w-0 flex-col agent-turn\" tabindex=\"-1\">\n<div class=\"flex max-w-full flex-col grow\">\n<div class=\"min-h-8 text-message relative flex w-full flex-col items-end gap-2 text-start break-words whitespace-normal [.text-message+&amp;]:mt-1\" dir=\"auto\" data-message-author-role=\"assistant\" data-message-id=\"da3bb385-d6a5-40fa-86e8-acd4531a66c1\" data-message-model-slug=\"gpt-5\">\n<div class=\"flex w-full flex-col gap-1 empty:hidden first:pt-[1px]\">\n<div class=\"markdown prose dark:prose-invert w-full break-words light markdown-new-styling\">\n<p data-start=\"1607\" data-end=\"1785\" data-is-last-node=\"\" data-is-only-node=\"\">Con <strong data-start=\"1611\" data-end=\"1641\">LeVair Salmon\u00ae Reafirmante<\/strong>, tu piel recupera firmeza, luminosidad y vitalidad desde las primeras sesiones. \u00a1Disfruta de una piel renovada, fuerte y naturalmente bella! \ud83c\udf1f<\/p>\n<\/div>\n<\/div>\n<\/div>\n<\/div>\n<\/div>\n<\/div>\n<\/article>\n","protected":false},"excerpt":{"rendered":"<p><strong>\u00a1Reafirma, regenera y devuelve la vitalidad a tu piel con LeVair Salmon\u00ae Reafirmante! \ud83d\udc1f\u2728<\/strong><\/p>\n<p>El tratamiento LeVair Salmon\u00ae Reafirmante (PDRN + PN) combina potentes Polinucle\u00f3tidos y Polidesoxirribonucle\u00f3tidos de origen de salm\u00f3n, junto con activos reafirmantes que estimulan la regeneraci\u00f3n celular, la s\u00edntesis de col\u00e1geno y la reparaci\u00f3n profunda de los tejidos. Su acci\u00f3n revitaliza la piel desde el interior, mejorando su firmeza, elasticidad y luminosidad con resultados naturales y progresivos.<\/p>\n<h3>\u00bfQu\u00e9 incluye mi compra? \ud83e\udd14<\/h3>\n<p>Dos aplicaciones de Leviar Salm\u00f3n\u00ae Reafirmante en rostro + GRATIS una sesi\u00f3n de Plasma Rico en Plaquetas en cuello, escote y manos.<br \/>\n<strong style=\"color: #3366ff; letter-spacing: 0px;\">\ud83d\udcb8 Precio pagando en efectivo en sucursal: $3,500 MXN. (v\u00e1lido hasta el 16 de mayo del 2026)<br \/>\n<\/strong><span class=\"fontstyle0\" style=\"color: #ff6600;\"><strong>*Cuenta con 30 d\u00edas para realizarse el tratamiento a partir de su compra<\/strong><\/span><\/p>","protected":false},"featured_media":242934,"template":"","meta":[],"product_brand":[],"product_cat":[128,118,119,135],"product_tag":[],"class_list":{"0":"post-242830","1":"product","2":"type-product","3":"status-publish","4":"has-post-thumbnail","6":"product_cat-anti-flacidez","7":"product_cat-medicina-estetica","8":"product_cat-rejuvenecimiento","9":"product_cat-sale","11":"first","12":"instock","13":"sale","14":"virtual","15":"purchasable","16":"product-type-simple"},"yoast_head":"<!-- This site is optimized with the Yoast SEO plugin v27.4 - https:\/\/yoast.com\/product\/yoast-seo-wordpress\/ -->\n<title>LEVAIR SALMON\u00ae REAFIRMANTE (PDRN+PN) - MoldeClinik<\/title>\n<meta name=\"robots\" content=\"index, follow, max-snippet:-1, max-image-preview:large, max-video-preview:-1\" \/>\n<link rel=\"canonical\" href=\"https:\/\/hospitalmoldearte.com\/en\/product\/levair-salmon-reafirmante-pdrn-pn\/\" \/>\n<meta property=\"og:locale\" content=\"en_US\" \/>\n<meta property=\"og:type\" content=\"article\" \/>\n<meta property=\"og:title\" content=\"LEVAIR SALMON\u00ae REAFIRMANTE (PDRN+PN) - MoldeClinik\" \/>\n<meta property=\"og:description\" content=\"\u00a1Reafirma, regenera y devuelve la vitalidad a tu piel con LeVair Salmon\u00ae Reafirmante! \ud83d\udc1f\u2728  El tratamiento LeVair Salmon\u00ae Reafirmante (PDRN + PN) combina potentes Polinucle\u00f3tidos y Polidesoxirribonucle\u00f3tidos de origen de salm\u00f3n, junto con activos reafirmantes que estimulan la regeneraci\u00f3n celular, la s\u00edntesis de col\u00e1geno y la reparaci\u00f3n profunda de los tejidos. Su acci\u00f3n revitaliza la piel desde el interior, mejorando su firmeza, elasticidad y luminosidad con resultados naturales y progresivos. \u00bfQu\u00e9 incluye mi compra? \ud83e\udd14 Dos aplicaciones de Leviar Salm\u00f3n\u00ae Reafirmante en rostro + GRATIS una sesi\u00f3n de Plasma Rico en Plaquetas en cuello, escote y manos. \ud83d\udcb8 Precio pagando en efectivo en sucursal: $3,500 MXN. (v\u00e1lido hasta el 16 de mayo del 2026) *Cuenta con 30 d\u00edas para realizarse el tratamiento a partir de su compra\" \/>\n<meta property=\"og:url\" content=\"https:\/\/hospitalmoldearte.com\/en\/product\/levair-salmon-reafirmante-pdrn-pn\/\" \/>\n<meta property=\"og:site_name\" content=\"MoldeClinik\" \/>\n<meta property=\"article:modified_time\" content=\"2026-05-07T20:17:12+00:00\" \/>\n<meta property=\"og:image\" content=\"https:\/\/hospitalmoldearte.com\/wp-content\/uploads\/2025\/12\/pdrn.jpg\" \/>\n\t<meta property=\"og:image:width\" content=\"1080\" \/>\n\t<meta property=\"og:image:height\" content=\"1080\" \/>\n\t<meta property=\"og:image:type\" content=\"image\/jpeg\" \/>\n<meta name=\"twitter:card\" content=\"summary_large_image\" \/>\n<meta name=\"twitter:label1\" content=\"Est. reading time\" \/>\n\t<meta name=\"twitter:data1\" content=\"2 minutes\" \/>\n<script type=\"application\/ld+json\" class=\"yoast-schema-graph\">{\"@context\":\"https:\\\/\\\/schema.org\",\"@graph\":[{\"@type\":\"WebPage\",\"@id\":\"https:\\\/\\\/hospitalmoldearte.com\\\/producto\\\/levair-salmon-reafirmante-pdrn-pn\\\/\",\"url\":\"https:\\\/\\\/hospitalmoldearte.com\\\/producto\\\/levair-salmon-reafirmante-pdrn-pn\\\/\",\"name\":\"LEVAIR SALMON\u00ae REAFIRMANTE (PDRN+PN) - MoldeClinik\",\"isPartOf\":{\"@id\":\"https:\\\/\\\/hospitalmoldearte.com\\\/#website\"},\"primaryImageOfPage\":{\"@id\":\"https:\\\/\\\/hospitalmoldearte.com\\\/producto\\\/levair-salmon-reafirmante-pdrn-pn\\\/#primaryimage\"},\"image\":{\"@id\":\"https:\\\/\\\/hospitalmoldearte.com\\\/producto\\\/levair-salmon-reafirmante-pdrn-pn\\\/#primaryimage\"},\"thumbnailUrl\":\"https:\\\/\\\/hospitalmoldearte.com\\\/wp-content\\\/uploads\\\/2025\\\/12\\\/pdrn.jpg\",\"datePublished\":\"2025-11-05T00:20:37+00:00\",\"dateModified\":\"2026-05-07T20:17:12+00:00\",\"breadcrumb\":{\"@id\":\"https:\\\/\\\/hospitalmoldearte.com\\\/producto\\\/levair-salmon-reafirmante-pdrn-pn\\\/#breadcrumb\"},\"inLanguage\":\"en-US\",\"potentialAction\":[{\"@type\":\"ReadAction\",\"target\":[\"https:\\\/\\\/hospitalmoldearte.com\\\/producto\\\/levair-salmon-reafirmante-pdrn-pn\\\/\"]}]},{\"@type\":\"ImageObject\",\"inLanguage\":\"en-US\",\"@id\":\"https:\\\/\\\/hospitalmoldearte.com\\\/producto\\\/levair-salmon-reafirmante-pdrn-pn\\\/#primaryimage\",\"url\":\"https:\\\/\\\/hospitalmoldearte.com\\\/wp-content\\\/uploads\\\/2025\\\/12\\\/pdrn.jpg\",\"contentUrl\":\"https:\\\/\\\/hospitalmoldearte.com\\\/wp-content\\\/uploads\\\/2025\\\/12\\\/pdrn.jpg\",\"width\":1080,\"height\":1080},{\"@type\":\"BreadcrumbList\",\"@id\":\"https:\\\/\\\/hospitalmoldearte.com\\\/producto\\\/levair-salmon-reafirmante-pdrn-pn\\\/#breadcrumb\",\"itemListElement\":[{\"@type\":\"ListItem\",\"position\":1,\"name\":\"Home\",\"item\":\"https:\\\/\\\/hospitalmoldearte.com\\\/\"},{\"@type\":\"ListItem\",\"position\":2,\"name\":\"Nuestros servicios\",\"item\":\"https:\\\/\\\/hospitalmoldearte.com\\\/tienda\\\/\"},{\"@type\":\"ListItem\",\"position\":3,\"name\":\"LEVAIR SALMON\u00ae REAFIRMANTE (PDRN+PN)\"}]},{\"@type\":\"WebSite\",\"@id\":\"https:\\\/\\\/hospitalmoldearte.com\\\/#website\",\"url\":\"https:\\\/\\\/hospitalmoldearte.com\\\/\",\"name\":\"MoldeClinik\",\"description\":\"Bariatric &amp; Plastic Surgery\",\"publisher\":{\"@id\":\"https:\\\/\\\/hospitalmoldearte.com\\\/#organization\"},\"potentialAction\":[{\"@type\":\"SearchAction\",\"target\":{\"@type\":\"EntryPoint\",\"urlTemplate\":\"https:\\\/\\\/hospitalmoldearte.com\\\/?s={search_term_string}\"},\"query-input\":{\"@type\":\"PropertyValueSpecification\",\"valueRequired\":true,\"valueName\":\"search_term_string\"}}],\"inLanguage\":\"en-US\"},{\"@type\":\"Organization\",\"@id\":\"https:\\\/\\\/hospitalmoldearte.com\\\/#organization\",\"name\":\"MoldeClinik\",\"url\":\"https:\\\/\\\/hospitalmoldearte.com\\\/\",\"logo\":{\"@type\":\"ImageObject\",\"inLanguage\":\"en-US\",\"@id\":\"https:\\\/\\\/hospitalmoldearte.com\\\/#\\\/schema\\\/logo\\\/image\\\/\",\"url\":\"https:\\\/\\\/hospitalmoldearte.com\\\/wp-content\\\/uploads\\\/2023\\\/03\\\/LOGO-BLANCO-e1678751607233.png\",\"contentUrl\":\"https:\\\/\\\/hospitalmoldearte.com\\\/wp-content\\\/uploads\\\/2023\\\/03\\\/LOGO-BLANCO-e1678751607233.png\",\"width\":250,\"height\":81,\"caption\":\"MoldeClinik\"},\"image\":{\"@id\":\"https:\\\/\\\/hospitalmoldearte.com\\\/#\\\/schema\\\/logo\\\/image\\\/\"}}]}<\/script>\n<!-- \/ Yoast SEO plugin. -->","yoast_head_json":{"title":"LEVAIR SALMON\u00ae REAFIRMANTE (PDRN+PN) - MoldeClinik","robots":{"index":"index","follow":"follow","max-snippet":"max-snippet:-1","max-image-preview":"max-image-preview:large","max-video-preview":"max-video-preview:-1"},"canonical":"https:\/\/hospitalmoldearte.com\/en\/product\/levair-salmon-reafirmante-pdrn-pn\/","og_locale":"en_US","og_type":"article","og_title":"LEVAIR SALMON\u00ae REAFIRMANTE (PDRN+PN) - MoldeClinik","og_description":"\u00a1Reafirma, regenera y devuelve la vitalidad a tu piel con LeVair Salmon\u00ae Reafirmante! \ud83d\udc1f\u2728  El tratamiento LeVair Salmon\u00ae Reafirmante (PDRN + PN) combina potentes Polinucle\u00f3tidos y Polidesoxirribonucle\u00f3tidos de origen de salm\u00f3n, junto con activos reafirmantes que estimulan la regeneraci\u00f3n celular, la s\u00edntesis de col\u00e1geno y la reparaci\u00f3n profunda de los tejidos. Su acci\u00f3n revitaliza la piel desde el interior, mejorando su firmeza, elasticidad y luminosidad con resultados naturales y progresivos. \u00bfQu\u00e9 incluye mi compra? \ud83e\udd14 Dos aplicaciones de Leviar Salm\u00f3n\u00ae Reafirmante en rostro + GRATIS una sesi\u00f3n de Plasma Rico en Plaquetas en cuello, escote y manos. \ud83d\udcb8 Precio pagando en efectivo en sucursal: $3,500 MXN. (v\u00e1lido hasta el 16 de mayo del 2026) *Cuenta con 30 d\u00edas para realizarse el tratamiento a partir de su compra","og_url":"https:\/\/hospitalmoldearte.com\/en\/product\/levair-salmon-reafirmante-pdrn-pn\/","og_site_name":"MoldeClinik","article_modified_time":"2026-05-07T20:17:12+00:00","og_image":[{"width":1080,"height":1080,"url":"https:\/\/hospitalmoldearte.com\/wp-content\/uploads\/2025\/12\/pdrn.jpg","type":"image\/jpeg"}],"twitter_card":"summary_large_image","twitter_misc":{"Est. reading time":"2 minutes"},"schema":{"@context":"https:\/\/schema.org","@graph":[{"@type":"WebPage","@id":"https:\/\/hospitalmoldearte.com\/producto\/levair-salmon-reafirmante-pdrn-pn\/","url":"https:\/\/hospitalmoldearte.com\/producto\/levair-salmon-reafirmante-pdrn-pn\/","name":"LEVAIR SALMON\u00ae REAFIRMANTE (PDRN+PN) - MoldeClinik","isPartOf":{"@id":"https:\/\/hospitalmoldearte.com\/#website"},"primaryImageOfPage":{"@id":"https:\/\/hospitalmoldearte.com\/producto\/levair-salmon-reafirmante-pdrn-pn\/#primaryimage"},"image":{"@id":"https:\/\/hospitalmoldearte.com\/producto\/levair-salmon-reafirmante-pdrn-pn\/#primaryimage"},"thumbnailUrl":"https:\/\/hospitalmoldearte.com\/wp-content\/uploads\/2025\/12\/pdrn.jpg","datePublished":"2025-11-05T00:20:37+00:00","dateModified":"2026-05-07T20:17:12+00:00","breadcrumb":{"@id":"https:\/\/hospitalmoldearte.com\/producto\/levair-salmon-reafirmante-pdrn-pn\/#breadcrumb"},"inLanguage":"en-US","potentialAction":[{"@type":"ReadAction","target":["https:\/\/hospitalmoldearte.com\/producto\/levair-salmon-reafirmante-pdrn-pn\/"]}]},{"@type":"ImageObject","inLanguage":"en-US","@id":"https:\/\/hospitalmoldearte.com\/producto\/levair-salmon-reafirmante-pdrn-pn\/#primaryimage","url":"https:\/\/hospitalmoldearte.com\/wp-content\/uploads\/2025\/12\/pdrn.jpg","contentUrl":"https:\/\/hospitalmoldearte.com\/wp-content\/uploads\/2025\/12\/pdrn.jpg","width":1080,"height":1080},{"@type":"BreadcrumbList","@id":"https:\/\/hospitalmoldearte.com\/producto\/levair-salmon-reafirmante-pdrn-pn\/#breadcrumb","itemListElement":[{"@type":"ListItem","position":1,"name":"Home","item":"https:\/\/hospitalmoldearte.com\/"},{"@type":"ListItem","position":2,"name":"Nuestros servicios","item":"https:\/\/hospitalmoldearte.com\/tienda\/"},{"@type":"ListItem","position":3,"name":"LEVAIR SALMON\u00ae REAFIRMANTE (PDRN+PN)"}]},{"@type":"WebSite","@id":"https:\/\/hospitalmoldearte.com\/#website","url":"https:\/\/hospitalmoldearte.com\/","name":"MoldeClinik","description":"Bariatric &amp; Plastic Surgery","publisher":{"@id":"https:\/\/hospitalmoldearte.com\/#organization"},"potentialAction":[{"@type":"SearchAction","target":{"@type":"EntryPoint","urlTemplate":"https:\/\/hospitalmoldearte.com\/?s={search_term_string}"},"query-input":{"@type":"PropertyValueSpecification","valueRequired":true,"valueName":"search_term_string"}}],"inLanguage":"en-US"},{"@type":"Organization","@id":"https:\/\/hospitalmoldearte.com\/#organization","name":"MoldeClinik","url":"https:\/\/hospitalmoldearte.com\/","logo":{"@type":"ImageObject","inLanguage":"en-US","@id":"https:\/\/hospitalmoldearte.com\/#\/schema\/logo\/image\/","url":"https:\/\/hospitalmoldearte.com\/wp-content\/uploads\/2023\/03\/LOGO-BLANCO-e1678751607233.png","contentUrl":"https:\/\/hospitalmoldearte.com\/wp-content\/uploads\/2023\/03\/LOGO-BLANCO-e1678751607233.png","width":250,"height":81,"caption":"MoldeClinik"},"image":{"@id":"https:\/\/hospitalmoldearte.com\/#\/schema\/logo\/image\/"}}]}},"_links":{"self":[{"href":"https:\/\/hospitalmoldearte.com\/en\/wp-json\/wp\/v2\/product\/242830","targetHints":{"allow":["GET"]}}],"collection":[{"href":"https:\/\/hospitalmoldearte.com\/en\/wp-json\/wp\/v2\/product"}],"about":[{"href":"https:\/\/hospitalmoldearte.com\/en\/wp-json\/wp\/v2\/types\/product"}],"wp:featuredmedia":[{"embeddable":true,"href":"https:\/\/hospitalmoldearte.com\/en\/wp-json\/wp\/v2\/media\/242934"}],"wp:attachment":[{"href":"https:\/\/hospitalmoldearte.com\/en\/wp-json\/wp\/v2\/media?parent=242830"}],"wp:term":[{"taxonomy":"product_brand","embeddable":true,"href":"https:\/\/hospitalmoldearte.com\/en\/wp-json\/wp\/v2\/product_brand?post=242830"},{"taxonomy":"product_cat","embeddable":true,"href":"https:\/\/hospitalmoldearte.com\/en\/wp-json\/wp\/v2\/product_cat?post=242830"},{"taxonomy":"product_tag","embeddable":true,"href":"https:\/\/hospitalmoldearte.com\/en\/wp-json\/wp\/v2\/product_tag?post=242830"}],"curies":[{"name":"wp","href":"https:\/\/api.w.org\/{rel}","templated":true}]}}