{"id":242963,"date":"2026-03-17T16:32:08","date_gmt":"2026-03-17T23:32:08","guid":{"rendered":"https:\/\/hospitalmoldearte.com\/?post_type=product&#038;p=242963"},"modified":"2026-05-07T12:12:53","modified_gmt":"2026-05-07T19:12:53","slug":"bioestimulador-caha-radiance","status":"publish","type":"product","link":"https:\/\/hospitalmoldearte.com\/en\/product\/bioestimulador-caha-radiance\/","title":{"rendered":"\u200b\u200bBIOESTIMULADOR CAHA RADIANCE\u00ae"},"content":{"rendered":"<p><strong>\u00bfQui\u00e9n es candidato ideal? \ud83d\udc69\u200d\u2695\ufe0f\ud83d\udc68\u200d\u2695\ufe0f<\/strong><br \/>\nEste tratamiento es ideal para personas que desean mejorar la firmeza de su piel, reducir signos visibles de envejecimiento, recuperar luminosidad y mejorar la textura facial. Tambi\u00e9n es perfecto para quienes buscan un efecto rejuvenecedor natural sin alterar sus rasgos.<\/p>\n<p><strong>10 Beneficios del Bioestimulador LeVair CaHa Radiance\u00ae \ud83c\udf1f<\/strong><\/p>\n<ol>\n<li>\u2728 Estimula la producci\u00f3n natural de col\u00e1geno.<\/li>\n<li>\ud83d\udcaa Mejora la firmeza y elasticidad de la piel.<\/li>\n<li>\ud83c\udf38 Aporta luminosidad y un efecto glow saludable.<\/li>\n<li>\ud83d\udca7 Mejora la hidrataci\u00f3n y calidad de la piel.<\/li>\n<li>\ud83c\udf3f Suaviza l\u00edneas finas y signos de envejecimiento.<\/li>\n<li>\ud83d\udd04 Resultados progresivos y naturales.<\/li>\n<li>\ud83c\udf1e Unifica el tono y mejora la textura cut\u00e1nea.<\/li>\n<li>\ud83d\udc86\u200d\u2640\ufe0f Efecto rejuvenecedor sin cirug\u00eda.<\/li>\n<li>\ud83c\udf31 Fortalece la estructura de la piel desde el interior.<\/li>\n<li>\ud83d\udcab Aumenta la confianza al lucir una piel m\u00e1s firme, luminosa y saludable.<\/li>\n<\/ol>\n<p>Con Bioestimulador CaHa Radiance\u00ae, tu piel recupera firmeza, vitalidad y brillo natural, logrando un rejuvenecimiento elegante y progresivo que resalta tu belleza aut\u00e9ntica. \u2728<\/p>","protected":false},"excerpt":{"rendered":"<p><strong>\u00a1Devu\u00e9lvele luminosidad y firmeza a tu piel con el Bioestimulador LEVAIR CaHa Radiance! \u2728\ud83d\udc89<\/strong><\/p>\n<p>El Bioestimulador CaHa Radiance es un tratamiento dise\u00f1ado para mejorar la calidad de la piel estimulando la producci\u00f3n natural de col\u00e1geno y elastina. Su f\u00f3rmula basada en hidroxiapatita de calcio (CaHa) act\u00faa desde las capas profundas de la piel, ayudando a mejorar la firmeza, textura y luminosidad del rostro. El resultado es una piel m\u00e1s radiante, hidratada y visiblemente rejuvenecida con un efecto natural y progresivo.<\/p>\n<h3>\u00bfQu\u00e9 incluye mi compra? \ud83e\udd14<\/h3>\n<p>Una jeringuilla de Bioestimulador CaHa Radiance\u00ae + <strong>GRATIS<\/strong> una sesi\u00f3n de Plasma Rico en Plaquetas en cuello, escote y manos.<br \/>\n<span style=\"color: #3366ff;\"><strong>\ud83d\udcb8 Precio pagando en efectivo en sucursal: $4,000 MXN. (v\u00e1lido hasta el 16 de mayo del 2026)<br \/>\n<\/strong><\/span><span class=\"fontstyle0\" style=\"color: #ff6600;\"><strong>*Cuenta con 30 d\u00edas para realizarse el tratamiento a partir de su compra<\/strong><\/span><\/p>","protected":false},"featured_media":242964,"template":"","meta":[],"product_brand":[],"product_cat":[118,119,135],"product_tag":[],"class_list":{"0":"post-242963","1":"product","2":"type-product","3":"status-publish","4":"has-post-thumbnail","6":"product_cat-medicina-estetica","7":"product_cat-rejuvenecimiento","8":"product_cat-sale","10":"first","11":"instock","12":"sale","13":"featured","14":"virtual","15":"purchasable","16":"product-type-simple"},"yoast_head":"<!-- This site is optimized with the Yoast SEO plugin v27.4 - https:\/\/yoast.com\/product\/yoast-seo-wordpress\/ -->\n<title>\u200b\u200bBIOESTIMULADOR CAHA RADIANCE\u00ae - MoldeClinik<\/title>\n<meta name=\"robots\" content=\"index, follow, max-snippet:-1, max-image-preview:large, max-video-preview:-1\" \/>\n<link rel=\"canonical\" href=\"https:\/\/hospitalmoldearte.com\/en\/product\/bioestimulador-caha-radiance\/\" \/>\n<meta property=\"og:locale\" content=\"en_US\" \/>\n<meta property=\"og:type\" content=\"article\" \/>\n<meta property=\"og:title\" content=\"\u200b\u200bBIOESTIMULADOR CAHA RADIANCE\u00ae - MoldeClinik\" \/>\n<meta property=\"og:description\" content=\"\u00a1Devu\u00e9lvele luminosidad y firmeza a tu piel con el Bioestimulador LEVAIR CaHa Radiance! \u2728\ud83d\udc89  El Bioestimulador CaHa Radiance es un tratamiento dise\u00f1ado para mejorar la calidad de la piel estimulando la producci\u00f3n natural de col\u00e1geno y elastina. Su f\u00f3rmula basada en hidroxiapatita de calcio (CaHa) act\u00faa desde las capas profundas de la piel, ayudando a mejorar la firmeza, textura y luminosidad del rostro. El resultado es una piel m\u00e1s radiante, hidratada y visiblemente rejuvenecida con un efecto natural y progresivo. \u00bfQu\u00e9 incluye mi compra? \ud83e\udd14 Una jeringuilla de Bioestimulador CaHa Radiance\u00ae + GRATIS una sesi\u00f3n de Plasma Rico en Plaquetas en cuello, escote y manos. \ud83d\udcb8 Precio pagando en efectivo en sucursal: $4,000 MXN. (v\u00e1lido hasta el 16 de mayo del 2026) *Cuenta con 30 d\u00edas para realizarse el tratamiento a partir de su compra\" \/>\n<meta property=\"og:url\" content=\"https:\/\/hospitalmoldearte.com\/en\/product\/bioestimulador-caha-radiance\/\" \/>\n<meta property=\"og:site_name\" content=\"MoldeClinik\" \/>\n<meta property=\"article:modified_time\" content=\"2026-05-07T19:12:53+00:00\" \/>\n<meta property=\"og:image\" content=\"https:\/\/hospitalmoldearte.com\/wp-content\/uploads\/2026\/03\/BIOESTIMULADOR-CAHA-RADIANCE.jpg\" \/>\n\t<meta property=\"og:image:width\" content=\"1080\" \/>\n\t<meta property=\"og:image:height\" content=\"1080\" \/>\n\t<meta property=\"og:image:type\" content=\"image\/jpeg\" \/>\n<meta name=\"twitter:card\" content=\"summary_large_image\" \/>\n<meta name=\"twitter:label1\" content=\"Est. reading time\" \/>\n\t<meta name=\"twitter:data1\" content=\"1 minute\" \/>\n<script type=\"application\/ld+json\" class=\"yoast-schema-graph\">{\"@context\":\"https:\\\/\\\/schema.org\",\"@graph\":[{\"@type\":\"WebPage\",\"@id\":\"https:\\\/\\\/hospitalmoldearte.com\\\/producto\\\/bioestimulador-caha-radiance\\\/\",\"url\":\"https:\\\/\\\/hospitalmoldearte.com\\\/producto\\\/bioestimulador-caha-radiance\\\/\",\"name\":\"\u200b\u200bBIOESTIMULADOR CAHA RADIANCE\u00ae - MoldeClinik\",\"isPartOf\":{\"@id\":\"https:\\\/\\\/hospitalmoldearte.com\\\/#website\"},\"primaryImageOfPage\":{\"@id\":\"https:\\\/\\\/hospitalmoldearte.com\\\/producto\\\/bioestimulador-caha-radiance\\\/#primaryimage\"},\"image\":{\"@id\":\"https:\\\/\\\/hospitalmoldearte.com\\\/producto\\\/bioestimulador-caha-radiance\\\/#primaryimage\"},\"thumbnailUrl\":\"https:\\\/\\\/hospitalmoldearte.com\\\/wp-content\\\/uploads\\\/2026\\\/03\\\/BIOESTIMULADOR-CAHA-RADIANCE.jpg\",\"datePublished\":\"2026-03-17T23:32:08+00:00\",\"dateModified\":\"2026-05-07T19:12:53+00:00\",\"breadcrumb\":{\"@id\":\"https:\\\/\\\/hospitalmoldearte.com\\\/producto\\\/bioestimulador-caha-radiance\\\/#breadcrumb\"},\"inLanguage\":\"en-US\",\"potentialAction\":[{\"@type\":\"ReadAction\",\"target\":[\"https:\\\/\\\/hospitalmoldearte.com\\\/producto\\\/bioestimulador-caha-radiance\\\/\"]}]},{\"@type\":\"ImageObject\",\"inLanguage\":\"en-US\",\"@id\":\"https:\\\/\\\/hospitalmoldearte.com\\\/producto\\\/bioestimulador-caha-radiance\\\/#primaryimage\",\"url\":\"https:\\\/\\\/hospitalmoldearte.com\\\/wp-content\\\/uploads\\\/2026\\\/03\\\/BIOESTIMULADOR-CAHA-RADIANCE.jpg\",\"contentUrl\":\"https:\\\/\\\/hospitalmoldearte.com\\\/wp-content\\\/uploads\\\/2026\\\/03\\\/BIOESTIMULADOR-CAHA-RADIANCE.jpg\",\"width\":1080,\"height\":1080},{\"@type\":\"BreadcrumbList\",\"@id\":\"https:\\\/\\\/hospitalmoldearte.com\\\/producto\\\/bioestimulador-caha-radiance\\\/#breadcrumb\",\"itemListElement\":[{\"@type\":\"ListItem\",\"position\":1,\"name\":\"Home\",\"item\":\"https:\\\/\\\/hospitalmoldearte.com\\\/\"},{\"@type\":\"ListItem\",\"position\":2,\"name\":\"Nuestros servicios\",\"item\":\"https:\\\/\\\/hospitalmoldearte.com\\\/tienda\\\/\"},{\"@type\":\"ListItem\",\"position\":3,\"name\":\"\u200b\u200bBIOESTIMULADOR CAHA RADIANCE\u00ae\"}]},{\"@type\":\"WebSite\",\"@id\":\"https:\\\/\\\/hospitalmoldearte.com\\\/#website\",\"url\":\"https:\\\/\\\/hospitalmoldearte.com\\\/\",\"name\":\"MoldeClinik\",\"description\":\"Bariatric &amp; Plastic Surgery\",\"publisher\":{\"@id\":\"https:\\\/\\\/hospitalmoldearte.com\\\/#organization\"},\"potentialAction\":[{\"@type\":\"SearchAction\",\"target\":{\"@type\":\"EntryPoint\",\"urlTemplate\":\"https:\\\/\\\/hospitalmoldearte.com\\\/?s={search_term_string}\"},\"query-input\":{\"@type\":\"PropertyValueSpecification\",\"valueRequired\":true,\"valueName\":\"search_term_string\"}}],\"inLanguage\":\"en-US\"},{\"@type\":\"Organization\",\"@id\":\"https:\\\/\\\/hospitalmoldearte.com\\\/#organization\",\"name\":\"MoldeClinik\",\"url\":\"https:\\\/\\\/hospitalmoldearte.com\\\/\",\"logo\":{\"@type\":\"ImageObject\",\"inLanguage\":\"en-US\",\"@id\":\"https:\\\/\\\/hospitalmoldearte.com\\\/#\\\/schema\\\/logo\\\/image\\\/\",\"url\":\"https:\\\/\\\/hospitalmoldearte.com\\\/wp-content\\\/uploads\\\/2023\\\/03\\\/LOGO-BLANCO-e1678751607233.png\",\"contentUrl\":\"https:\\\/\\\/hospitalmoldearte.com\\\/wp-content\\\/uploads\\\/2023\\\/03\\\/LOGO-BLANCO-e1678751607233.png\",\"width\":250,\"height\":81,\"caption\":\"MoldeClinik\"},\"image\":{\"@id\":\"https:\\\/\\\/hospitalmoldearte.com\\\/#\\\/schema\\\/logo\\\/image\\\/\"}}]}<\/script>\n<!-- \/ Yoast SEO plugin. -->","yoast_head_json":{"title":"\u200b\u200bBIOESTIMULADOR CAHA RADIANCE\u00ae - MoldeClinik","robots":{"index":"index","follow":"follow","max-snippet":"max-snippet:-1","max-image-preview":"max-image-preview:large","max-video-preview":"max-video-preview:-1"},"canonical":"https:\/\/hospitalmoldearte.com\/en\/product\/bioestimulador-caha-radiance\/","og_locale":"en_US","og_type":"article","og_title":"\u200b\u200bBIOESTIMULADOR CAHA RADIANCE\u00ae - MoldeClinik","og_description":"\u00a1Devu\u00e9lvele luminosidad y firmeza a tu piel con el Bioestimulador LEVAIR CaHa Radiance! \u2728\ud83d\udc89  El Bioestimulador CaHa Radiance es un tratamiento dise\u00f1ado para mejorar la calidad de la piel estimulando la producci\u00f3n natural de col\u00e1geno y elastina. Su f\u00f3rmula basada en hidroxiapatita de calcio (CaHa) act\u00faa desde las capas profundas de la piel, ayudando a mejorar la firmeza, textura y luminosidad del rostro. El resultado es una piel m\u00e1s radiante, hidratada y visiblemente rejuvenecida con un efecto natural y progresivo. \u00bfQu\u00e9 incluye mi compra? \ud83e\udd14 Una jeringuilla de Bioestimulador CaHa Radiance\u00ae + GRATIS una sesi\u00f3n de Plasma Rico en Plaquetas en cuello, escote y manos. \ud83d\udcb8 Precio pagando en efectivo en sucursal: $4,000 MXN. (v\u00e1lido hasta el 16 de mayo del 2026) *Cuenta con 30 d\u00edas para realizarse el tratamiento a partir de su compra","og_url":"https:\/\/hospitalmoldearte.com\/en\/product\/bioestimulador-caha-radiance\/","og_site_name":"MoldeClinik","article_modified_time":"2026-05-07T19:12:53+00:00","og_image":[{"width":1080,"height":1080,"url":"https:\/\/hospitalmoldearte.com\/wp-content\/uploads\/2026\/03\/BIOESTIMULADOR-CAHA-RADIANCE.jpg","type":"image\/jpeg"}],"twitter_card":"summary_large_image","twitter_misc":{"Est. reading time":"1 minute"},"schema":{"@context":"https:\/\/schema.org","@graph":[{"@type":"WebPage","@id":"https:\/\/hospitalmoldearte.com\/producto\/bioestimulador-caha-radiance\/","url":"https:\/\/hospitalmoldearte.com\/producto\/bioestimulador-caha-radiance\/","name":"\u200b\u200bBIOESTIMULADOR CAHA RADIANCE\u00ae - MoldeClinik","isPartOf":{"@id":"https:\/\/hospitalmoldearte.com\/#website"},"primaryImageOfPage":{"@id":"https:\/\/hospitalmoldearte.com\/producto\/bioestimulador-caha-radiance\/#primaryimage"},"image":{"@id":"https:\/\/hospitalmoldearte.com\/producto\/bioestimulador-caha-radiance\/#primaryimage"},"thumbnailUrl":"https:\/\/hospitalmoldearte.com\/wp-content\/uploads\/2026\/03\/BIOESTIMULADOR-CAHA-RADIANCE.jpg","datePublished":"2026-03-17T23:32:08+00:00","dateModified":"2026-05-07T19:12:53+00:00","breadcrumb":{"@id":"https:\/\/hospitalmoldearte.com\/producto\/bioestimulador-caha-radiance\/#breadcrumb"},"inLanguage":"en-US","potentialAction":[{"@type":"ReadAction","target":["https:\/\/hospitalmoldearte.com\/producto\/bioestimulador-caha-radiance\/"]}]},{"@type":"ImageObject","inLanguage":"en-US","@id":"https:\/\/hospitalmoldearte.com\/producto\/bioestimulador-caha-radiance\/#primaryimage","url":"https:\/\/hospitalmoldearte.com\/wp-content\/uploads\/2026\/03\/BIOESTIMULADOR-CAHA-RADIANCE.jpg","contentUrl":"https:\/\/hospitalmoldearte.com\/wp-content\/uploads\/2026\/03\/BIOESTIMULADOR-CAHA-RADIANCE.jpg","width":1080,"height":1080},{"@type":"BreadcrumbList","@id":"https:\/\/hospitalmoldearte.com\/producto\/bioestimulador-caha-radiance\/#breadcrumb","itemListElement":[{"@type":"ListItem","position":1,"name":"Home","item":"https:\/\/hospitalmoldearte.com\/"},{"@type":"ListItem","position":2,"name":"Nuestros servicios","item":"https:\/\/hospitalmoldearte.com\/tienda\/"},{"@type":"ListItem","position":3,"name":"\u200b\u200bBIOESTIMULADOR CAHA RADIANCE\u00ae"}]},{"@type":"WebSite","@id":"https:\/\/hospitalmoldearte.com\/#website","url":"https:\/\/hospitalmoldearte.com\/","name":"MoldeClinik","description":"Bariatric &amp; Plastic Surgery","publisher":{"@id":"https:\/\/hospitalmoldearte.com\/#organization"},"potentialAction":[{"@type":"SearchAction","target":{"@type":"EntryPoint","urlTemplate":"https:\/\/hospitalmoldearte.com\/?s={search_term_string}"},"query-input":{"@type":"PropertyValueSpecification","valueRequired":true,"valueName":"search_term_string"}}],"inLanguage":"en-US"},{"@type":"Organization","@id":"https:\/\/hospitalmoldearte.com\/#organization","name":"MoldeClinik","url":"https:\/\/hospitalmoldearte.com\/","logo":{"@type":"ImageObject","inLanguage":"en-US","@id":"https:\/\/hospitalmoldearte.com\/#\/schema\/logo\/image\/","url":"https:\/\/hospitalmoldearte.com\/wp-content\/uploads\/2023\/03\/LOGO-BLANCO-e1678751607233.png","contentUrl":"https:\/\/hospitalmoldearte.com\/wp-content\/uploads\/2023\/03\/LOGO-BLANCO-e1678751607233.png","width":250,"height":81,"caption":"MoldeClinik"},"image":{"@id":"https:\/\/hospitalmoldearte.com\/#\/schema\/logo\/image\/"}}]}},"_links":{"self":[{"href":"https:\/\/hospitalmoldearte.com\/en\/wp-json\/wp\/v2\/product\/242963","targetHints":{"allow":["GET"]}}],"collection":[{"href":"https:\/\/hospitalmoldearte.com\/en\/wp-json\/wp\/v2\/product"}],"about":[{"href":"https:\/\/hospitalmoldearte.com\/en\/wp-json\/wp\/v2\/types\/product"}],"wp:featuredmedia":[{"embeddable":true,"href":"https:\/\/hospitalmoldearte.com\/en\/wp-json\/wp\/v2\/media\/242964"}],"wp:attachment":[{"href":"https:\/\/hospitalmoldearte.com\/en\/wp-json\/wp\/v2\/media?parent=242963"}],"wp:term":[{"taxonomy":"product_brand","embeddable":true,"href":"https:\/\/hospitalmoldearte.com\/en\/wp-json\/wp\/v2\/product_brand?post=242963"},{"taxonomy":"product_cat","embeddable":true,"href":"https:\/\/hospitalmoldearte.com\/en\/wp-json\/wp\/v2\/product_cat?post=242963"},{"taxonomy":"product_tag","embeddable":true,"href":"https:\/\/hospitalmoldearte.com\/en\/wp-json\/wp\/v2\/product_tag?post=242963"}],"curies":[{"name":"wp","href":"https:\/\/api.w.org\/{rel}","templated":true}]}}