{"id":242969,"date":"2026-04-06T18:20:02","date_gmt":"2026-04-07T01:20:02","guid":{"rendered":"https:\/\/hospitalmoldearte.com\/?post_type=product&#038;p=242969"},"modified":"2026-04-17T15:06:04","modified_gmt":"2026-04-17T22:06:04","slug":"atenua-manchas-en-rostro-y-cuello","status":"publish","type":"product","link":"https:\/\/hospitalmoldearte.com\/en\/product\/atenua-manchas-en-rostro-y-cuello\/","title":{"rendered":"ATENUA MANCHAS EN ROSTRO Y CUELLO"},"content":{"rendered":"<p><strong>\u00bfQui\u00e9n es candidato ideal? \ud83d\udc69\u200d\u2695\ufe0f\ud83d\udc68\u200d\u2695\ufe0f<\/strong><br \/>\nEste tratamiento es ideal para personas que presentan manchas, tono desigual, marcas o piel opaca en rostro, cuello, escote y manos. Perfecto para quienes buscan aclarar, regenerar y mejorar la calidad de la piel de forma natural y progresiva.<\/p>\n<p><strong>10 Beneficios del paquete ATEN\u00daA MANCHAS \u2728\ud83c\udf1f<\/strong><\/p>\n<p>\u2728 Reduce visiblemente manchas y zonas con hiperpigmentaci\u00f3n.<br \/>\n\ud83c\udf38 Unifica el tono de la piel para un aspecto m\u00e1s luminoso.<br \/>\n\ud83d\udca7 Hidrata profundamente, mejorando la textura cut\u00e1nea.<br \/>\n\ud83c\udf3f Estimula la regeneraci\u00f3n celular con PDRN y C\u00e9lulas Madre.<br \/>\n\ud83d\udd04 Mejora la apariencia de cicatrices y marcas.<br \/>\n\ud83c\udf1e Aporta un efecto glow natural en rostro y cuello.<br \/>\n\ud83d\udc86\u200d\u2640\ufe0f Revitaliza cuello, escote y manos con PRP GRATIS.<br \/>\n\ud83c\udf31 Resultados progresivos, naturales y duraderos.<br \/>\n\ud83e\uddd6\u200d\u2640\ufe0f Procedimiento m\u00ednimamente invasivo y de r\u00e1pida recuperaci\u00f3n.<br \/>\n\ud83d\udcab Incrementa la confianza al lucir una piel m\u00e1s clara, uniforme y saludable.<\/p>\n<p>Con ATEN\u00daA MANCHAS en rostro y cuello \u2728, transforma la apariencia de tu piel y recupera su brillo natural. \u00a1Una soluci\u00f3n integral para lucir una piel m\u00e1s clara, fresca y radiante! \ud83c\udf1f<\/p>","protected":false},"excerpt":{"rendered":"<p><strong>\u00a1Desp\u00eddete de las manchas y luce una piel uniforme, luminosa y saludable! \u2728\ud83c\udf38<\/strong><\/p>\n<p>El paquete ATEN\u00daA MANCHAS en rostro y cuello \u2728 est\u00e1 dise\u00f1ado para mejorar el tono de la piel y devolverle su luminosidad natural. Incluye una jeringuilla de Bioestimulador con PDRN de Salm\u00f3n, que ayuda a reducir manchas, cicatrices y zonas con hiperpigmentaci\u00f3n, promoviendo una piel m\u00e1s uniforme y radiante. Se complementa con la aplicaci\u00f3n de C\u00e9lulas Madre en cuello, escote y manos, que favorecen la regeneraci\u00f3n celular y mejoran la calidad de la piel, y \ud83c\udf81 GRATIS una sesi\u00f3n de Plasma Rico en Plaquetas (PRP) en estas zonas para potenciar hidrataci\u00f3n, reparaci\u00f3n y luminosidad.<\/p>\n<h3>\u00bfQu\u00e9 incluye mi compra? \ud83e\udd14<\/h3>\n<p>Atenua manchas en rostro y cuello \u2728 incluye: Una jeringuilla de Bioestimulador con PDRN de Salm\u00f3n + aplicaci\u00f3n de C\u00e9lulas madre en cuello, escote y manos + \ud83c\udf81 <strong>GRATIS<\/strong> una sesi\u00f3n de Plasma Rico en Plaquetas en cuello, escote y manos. <span style=\"color: #3366ff;\"><strong>\ud83d\udcb8 Precio pagando en efectivo en sucursal: $4,450 MXN. (v\u00e1lido hasta el 30 de abril del 2026)<br \/>\n<\/strong><\/span><span class=\"fontstyle0\" style=\"color: #ff6600;\"><strong>*Cuenta con 30 d\u00edas para realizarse el tratamiento a partir de su compra<\/strong><\/span><\/p>","protected":false},"featured_media":242974,"template":"","meta":[],"product_brand":[],"product_cat":[118,135],"product_tag":[],"class_list":{"0":"post-242969","1":"product","2":"type-product","3":"status-publish","4":"has-post-thumbnail","6":"product_cat-medicina-estetica","7":"product_cat-sale","9":"first","10":"instock","11":"sale","12":"virtual","13":"purchasable","14":"product-type-simple"},"yoast_head":"<!-- This site is optimized with the Yoast SEO plugin v27.4 - https:\/\/yoast.com\/product\/yoast-seo-wordpress\/ -->\n<title>ATENUA MANCHAS EN ROSTRO Y CUELLO - MoldeClinik<\/title>\n<meta name=\"robots\" content=\"index, follow, max-snippet:-1, max-image-preview:large, max-video-preview:-1\" \/>\n<link rel=\"canonical\" href=\"https:\/\/hospitalmoldearte.com\/en\/product\/atenua-manchas-en-rostro-y-cuello\/\" \/>\n<meta property=\"og:locale\" content=\"en_US\" \/>\n<meta property=\"og:type\" content=\"article\" \/>\n<meta property=\"og:title\" content=\"ATENUA MANCHAS EN ROSTRO Y CUELLO - MoldeClinik\" \/>\n<meta property=\"og:description\" content=\"\u00a1Desp\u00eddete de las manchas y luce una piel uniforme, luminosa y saludable! \u2728\ud83c\udf38  El paquete ATEN\u00daA MANCHAS en rostro y cuello \u2728 est\u00e1 dise\u00f1ado para mejorar el tono de la piel y devolverle su luminosidad natural. Incluye una jeringuilla de Bioestimulador con PDRN de Salm\u00f3n, que ayuda a reducir manchas, cicatrices y zonas con hiperpigmentaci\u00f3n, promoviendo una piel m\u00e1s uniforme y radiante. Se complementa con la aplicaci\u00f3n de C\u00e9lulas Madre en cuello, escote y manos, que favorecen la regeneraci\u00f3n celular y mejoran la calidad de la piel, y \ud83c\udf81 GRATIS una sesi\u00f3n de Plasma Rico en Plaquetas (PRP) en estas zonas para potenciar hidrataci\u00f3n, reparaci\u00f3n y luminosidad. \u00bfQu\u00e9 incluye mi compra? \ud83e\udd14 Atenua manchas en rostro y cuello \u2728 incluye: Una jeringuilla de Bioestimulador con PDRN de Salm\u00f3n + aplicaci\u00f3n de C\u00e9lulas madre en cuello, escote y manos + \ud83c\udf81 GRATIS una sesi\u00f3n de Plasma Rico en Plaquetas en cuello, escote y manos. \ud83d\udcb8 Precio pagando en efectivo en sucursal: $4,450 MXN. (v\u00e1lido hasta el 30 de abril del 2026) *Cuenta con 30 d\u00edas para realizarse el tratamiento a partir de su compra\" \/>\n<meta property=\"og:url\" content=\"https:\/\/hospitalmoldearte.com\/en\/product\/atenua-manchas-en-rostro-y-cuello\/\" \/>\n<meta property=\"og:site_name\" content=\"MoldeClinik\" \/>\n<meta property=\"article:modified_time\" content=\"2026-04-17T22:06:04+00:00\" \/>\n<meta property=\"og:image\" content=\"https:\/\/hospitalmoldearte.com\/wp-content\/uploads\/2026\/04\/MANCHAS-ROSTRO-MANOS-V.png\" \/>\n\t<meta property=\"og:image:width\" content=\"1080\" \/>\n\t<meta property=\"og:image:height\" content=\"1080\" \/>\n\t<meta property=\"og:image:type\" content=\"image\/png\" \/>\n<meta name=\"twitter:card\" content=\"summary_large_image\" \/>\n<meta name=\"twitter:label1\" content=\"Est. reading time\" \/>\n\t<meta name=\"twitter:data1\" content=\"1 minute\" \/>\n<script type=\"application\/ld+json\" class=\"yoast-schema-graph\">{\"@context\":\"https:\\\/\\\/schema.org\",\"@graph\":[{\"@type\":\"WebPage\",\"@id\":\"https:\\\/\\\/hospitalmoldearte.com\\\/producto\\\/atenua-manchas-en-rostro-y-cuello\\\/\",\"url\":\"https:\\\/\\\/hospitalmoldearte.com\\\/producto\\\/atenua-manchas-en-rostro-y-cuello\\\/\",\"name\":\"ATENUA MANCHAS EN ROSTRO Y CUELLO - MoldeClinik\",\"isPartOf\":{\"@id\":\"https:\\\/\\\/hospitalmoldearte.com\\\/#website\"},\"primaryImageOfPage\":{\"@id\":\"https:\\\/\\\/hospitalmoldearte.com\\\/producto\\\/atenua-manchas-en-rostro-y-cuello\\\/#primaryimage\"},\"image\":{\"@id\":\"https:\\\/\\\/hospitalmoldearte.com\\\/producto\\\/atenua-manchas-en-rostro-y-cuello\\\/#primaryimage\"},\"thumbnailUrl\":\"https:\\\/\\\/hospitalmoldearte.com\\\/wp-content\\\/uploads\\\/2026\\\/04\\\/MANCHAS-ROSTRO-MANOS-V.png\",\"datePublished\":\"2026-04-07T01:20:02+00:00\",\"dateModified\":\"2026-04-17T22:06:04+00:00\",\"breadcrumb\":{\"@id\":\"https:\\\/\\\/hospitalmoldearte.com\\\/producto\\\/atenua-manchas-en-rostro-y-cuello\\\/#breadcrumb\"},\"inLanguage\":\"en-US\",\"potentialAction\":[{\"@type\":\"ReadAction\",\"target\":[\"https:\\\/\\\/hospitalmoldearte.com\\\/producto\\\/atenua-manchas-en-rostro-y-cuello\\\/\"]}]},{\"@type\":\"ImageObject\",\"inLanguage\":\"en-US\",\"@id\":\"https:\\\/\\\/hospitalmoldearte.com\\\/producto\\\/atenua-manchas-en-rostro-y-cuello\\\/#primaryimage\",\"url\":\"https:\\\/\\\/hospitalmoldearte.com\\\/wp-content\\\/uploads\\\/2026\\\/04\\\/MANCHAS-ROSTRO-MANOS-V.png\",\"contentUrl\":\"https:\\\/\\\/hospitalmoldearte.com\\\/wp-content\\\/uploads\\\/2026\\\/04\\\/MANCHAS-ROSTRO-MANOS-V.png\",\"width\":1080,\"height\":1080},{\"@type\":\"BreadcrumbList\",\"@id\":\"https:\\\/\\\/hospitalmoldearte.com\\\/producto\\\/atenua-manchas-en-rostro-y-cuello\\\/#breadcrumb\",\"itemListElement\":[{\"@type\":\"ListItem\",\"position\":1,\"name\":\"Home\",\"item\":\"https:\\\/\\\/hospitalmoldearte.com\\\/\"},{\"@type\":\"ListItem\",\"position\":2,\"name\":\"Nuestros servicios\",\"item\":\"https:\\\/\\\/hospitalmoldearte.com\\\/tienda\\\/\"},{\"@type\":\"ListItem\",\"position\":3,\"name\":\"ATENUA MANCHAS EN ROSTRO Y CUELLO\"}]},{\"@type\":\"WebSite\",\"@id\":\"https:\\\/\\\/hospitalmoldearte.com\\\/#website\",\"url\":\"https:\\\/\\\/hospitalmoldearte.com\\\/\",\"name\":\"MoldeClinik\",\"description\":\"Bariatric &amp; Plastic Surgery\",\"publisher\":{\"@id\":\"https:\\\/\\\/hospitalmoldearte.com\\\/#organization\"},\"potentialAction\":[{\"@type\":\"SearchAction\",\"target\":{\"@type\":\"EntryPoint\",\"urlTemplate\":\"https:\\\/\\\/hospitalmoldearte.com\\\/?s={search_term_string}\"},\"query-input\":{\"@type\":\"PropertyValueSpecification\",\"valueRequired\":true,\"valueName\":\"search_term_string\"}}],\"inLanguage\":\"en-US\"},{\"@type\":\"Organization\",\"@id\":\"https:\\\/\\\/hospitalmoldearte.com\\\/#organization\",\"name\":\"MoldeClinik\",\"url\":\"https:\\\/\\\/hospitalmoldearte.com\\\/\",\"logo\":{\"@type\":\"ImageObject\",\"inLanguage\":\"en-US\",\"@id\":\"https:\\\/\\\/hospitalmoldearte.com\\\/#\\\/schema\\\/logo\\\/image\\\/\",\"url\":\"https:\\\/\\\/hospitalmoldearte.com\\\/wp-content\\\/uploads\\\/2023\\\/03\\\/LOGO-BLANCO-e1678751607233.png\",\"contentUrl\":\"https:\\\/\\\/hospitalmoldearte.com\\\/wp-content\\\/uploads\\\/2023\\\/03\\\/LOGO-BLANCO-e1678751607233.png\",\"width\":250,\"height\":81,\"caption\":\"MoldeClinik\"},\"image\":{\"@id\":\"https:\\\/\\\/hospitalmoldearte.com\\\/#\\\/schema\\\/logo\\\/image\\\/\"}}]}<\/script>\n<!-- \/ Yoast SEO plugin. -->","yoast_head_json":{"title":"ATENUA MANCHAS EN ROSTRO Y CUELLO - MoldeClinik","robots":{"index":"index","follow":"follow","max-snippet":"max-snippet:-1","max-image-preview":"max-image-preview:large","max-video-preview":"max-video-preview:-1"},"canonical":"https:\/\/hospitalmoldearte.com\/en\/product\/atenua-manchas-en-rostro-y-cuello\/","og_locale":"en_US","og_type":"article","og_title":"ATENUA MANCHAS EN ROSTRO Y CUELLO - MoldeClinik","og_description":"\u00a1Desp\u00eddete de las manchas y luce una piel uniforme, luminosa y saludable! \u2728\ud83c\udf38  El paquete ATEN\u00daA MANCHAS en rostro y cuello \u2728 est\u00e1 dise\u00f1ado para mejorar el tono de la piel y devolverle su luminosidad natural. Incluye una jeringuilla de Bioestimulador con PDRN de Salm\u00f3n, que ayuda a reducir manchas, cicatrices y zonas con hiperpigmentaci\u00f3n, promoviendo una piel m\u00e1s uniforme y radiante. Se complementa con la aplicaci\u00f3n de C\u00e9lulas Madre en cuello, escote y manos, que favorecen la regeneraci\u00f3n celular y mejoran la calidad de la piel, y \ud83c\udf81 GRATIS una sesi\u00f3n de Plasma Rico en Plaquetas (PRP) en estas zonas para potenciar hidrataci\u00f3n, reparaci\u00f3n y luminosidad. \u00bfQu\u00e9 incluye mi compra? \ud83e\udd14 Atenua manchas en rostro y cuello \u2728 incluye: Una jeringuilla de Bioestimulador con PDRN de Salm\u00f3n + aplicaci\u00f3n de C\u00e9lulas madre en cuello, escote y manos + \ud83c\udf81 GRATIS una sesi\u00f3n de Plasma Rico en Plaquetas en cuello, escote y manos. \ud83d\udcb8 Precio pagando en efectivo en sucursal: $4,450 MXN. (v\u00e1lido hasta el 30 de abril del 2026) *Cuenta con 30 d\u00edas para realizarse el tratamiento a partir de su compra","og_url":"https:\/\/hospitalmoldearte.com\/en\/product\/atenua-manchas-en-rostro-y-cuello\/","og_site_name":"MoldeClinik","article_modified_time":"2026-04-17T22:06:04+00:00","og_image":[{"width":1080,"height":1080,"url":"https:\/\/hospitalmoldearte.com\/wp-content\/uploads\/2026\/04\/MANCHAS-ROSTRO-MANOS-V.png","type":"image\/png"}],"twitter_card":"summary_large_image","twitter_misc":{"Est. reading time":"1 minute"},"schema":{"@context":"https:\/\/schema.org","@graph":[{"@type":"WebPage","@id":"https:\/\/hospitalmoldearte.com\/producto\/atenua-manchas-en-rostro-y-cuello\/","url":"https:\/\/hospitalmoldearte.com\/producto\/atenua-manchas-en-rostro-y-cuello\/","name":"ATENUA MANCHAS EN ROSTRO Y CUELLO - MoldeClinik","isPartOf":{"@id":"https:\/\/hospitalmoldearte.com\/#website"},"primaryImageOfPage":{"@id":"https:\/\/hospitalmoldearte.com\/producto\/atenua-manchas-en-rostro-y-cuello\/#primaryimage"},"image":{"@id":"https:\/\/hospitalmoldearte.com\/producto\/atenua-manchas-en-rostro-y-cuello\/#primaryimage"},"thumbnailUrl":"https:\/\/hospitalmoldearte.com\/wp-content\/uploads\/2026\/04\/MANCHAS-ROSTRO-MANOS-V.png","datePublished":"2026-04-07T01:20:02+00:00","dateModified":"2026-04-17T22:06:04+00:00","breadcrumb":{"@id":"https:\/\/hospitalmoldearte.com\/producto\/atenua-manchas-en-rostro-y-cuello\/#breadcrumb"},"inLanguage":"en-US","potentialAction":[{"@type":"ReadAction","target":["https:\/\/hospitalmoldearte.com\/producto\/atenua-manchas-en-rostro-y-cuello\/"]}]},{"@type":"ImageObject","inLanguage":"en-US","@id":"https:\/\/hospitalmoldearte.com\/producto\/atenua-manchas-en-rostro-y-cuello\/#primaryimage","url":"https:\/\/hospitalmoldearte.com\/wp-content\/uploads\/2026\/04\/MANCHAS-ROSTRO-MANOS-V.png","contentUrl":"https:\/\/hospitalmoldearte.com\/wp-content\/uploads\/2026\/04\/MANCHAS-ROSTRO-MANOS-V.png","width":1080,"height":1080},{"@type":"BreadcrumbList","@id":"https:\/\/hospitalmoldearte.com\/producto\/atenua-manchas-en-rostro-y-cuello\/#breadcrumb","itemListElement":[{"@type":"ListItem","position":1,"name":"Home","item":"https:\/\/hospitalmoldearte.com\/"},{"@type":"ListItem","position":2,"name":"Nuestros servicios","item":"https:\/\/hospitalmoldearte.com\/tienda\/"},{"@type":"ListItem","position":3,"name":"ATENUA MANCHAS EN ROSTRO Y CUELLO"}]},{"@type":"WebSite","@id":"https:\/\/hospitalmoldearte.com\/#website","url":"https:\/\/hospitalmoldearte.com\/","name":"MoldeClinik","description":"Bariatric &amp; Plastic Surgery","publisher":{"@id":"https:\/\/hospitalmoldearte.com\/#organization"},"potentialAction":[{"@type":"SearchAction","target":{"@type":"EntryPoint","urlTemplate":"https:\/\/hospitalmoldearte.com\/?s={search_term_string}"},"query-input":{"@type":"PropertyValueSpecification","valueRequired":true,"valueName":"search_term_string"}}],"inLanguage":"en-US"},{"@type":"Organization","@id":"https:\/\/hospitalmoldearte.com\/#organization","name":"MoldeClinik","url":"https:\/\/hospitalmoldearte.com\/","logo":{"@type":"ImageObject","inLanguage":"en-US","@id":"https:\/\/hospitalmoldearte.com\/#\/schema\/logo\/image\/","url":"https:\/\/hospitalmoldearte.com\/wp-content\/uploads\/2023\/03\/LOGO-BLANCO-e1678751607233.png","contentUrl":"https:\/\/hospitalmoldearte.com\/wp-content\/uploads\/2023\/03\/LOGO-BLANCO-e1678751607233.png","width":250,"height":81,"caption":"MoldeClinik"},"image":{"@id":"https:\/\/hospitalmoldearte.com\/#\/schema\/logo\/image\/"}}]}},"_links":{"self":[{"href":"https:\/\/hospitalmoldearte.com\/en\/wp-json\/wp\/v2\/product\/242969","targetHints":{"allow":["GET"]}}],"collection":[{"href":"https:\/\/hospitalmoldearte.com\/en\/wp-json\/wp\/v2\/product"}],"about":[{"href":"https:\/\/hospitalmoldearte.com\/en\/wp-json\/wp\/v2\/types\/product"}],"wp:featuredmedia":[{"embeddable":true,"href":"https:\/\/hospitalmoldearte.com\/en\/wp-json\/wp\/v2\/media\/242974"}],"wp:attachment":[{"href":"https:\/\/hospitalmoldearte.com\/en\/wp-json\/wp\/v2\/media?parent=242969"}],"wp:term":[{"taxonomy":"product_brand","embeddable":true,"href":"https:\/\/hospitalmoldearte.com\/en\/wp-json\/wp\/v2\/product_brand?post=242969"},{"taxonomy":"product_cat","embeddable":true,"href":"https:\/\/hospitalmoldearte.com\/en\/wp-json\/wp\/v2\/product_cat?post=242969"},{"taxonomy":"product_tag","embeddable":true,"href":"https:\/\/hospitalmoldearte.com\/en\/wp-json\/wp\/v2\/product_tag?post=242969"}],"curies":[{"name":"wp","href":"https:\/\/api.w.org\/{rel}","templated":true}]}}